{"id":158225,"date":"2025-05-30T14:50:23","date_gmt":"2025-05-30T11:50:23","guid":{"rendered":"https:\/\/4room.lv\/?post_type=product&#038;p=158225"},"modified":"2025-05-30T14:50:23","modified_gmt":"2025-05-30T11:50:23","slug":"desk-lamp-3w6w","status":"publish","type":"product","link":"https:\/\/4room.lv\/en\/veikals\/apgaismojums\/dekorativais\/desk-lamp-3w6w\/","title":{"rendered":"Desk lamp 3W+6W"},"content":{"rendered":"","protected":false},"excerpt":{"rendered":"<p>Ask\u0113tiska galda lampa ar las\u0101mspotu un noska\u0146as apgaismojumu, kas no b\u0101zes izgaismo galdu. Gauismeklim ir sl\u0113d\u017ei, lai atsevis\u0137i var\u0113tu sl\u0113gt spotu un atsevi\u0161\u0137i b\u0101zi, p\u0113c vajadz\u012bbas.<\/p>\n<p>&nbsp;<\/p>\n","protected":false},"featured_media":158226,"template":"","meta":[],"product_cat":[127,147],"product_tag":[],"class_list":{"0":"post-158225","1":"product","2":"type-product","3":"status-publish","4":"has-post-thumbnail","6":"product_brand-onelight","7":"product_cat-apgaismojums","8":"product_cat-dekorativais","10":"first","11":"instock","12":"shipping-taxable","13":"purchasable","14":"product-type-simple"},"_links":{"self":[{"href":"https:\/\/4room.lv\/en\/wp-json\/wp\/v2\/product\/158225","targetHints":{"allow":["GET"]}}],"collection":[{"href":"https:\/\/4room.lv\/en\/wp-json\/wp\/v2\/product"}],"about":[{"href":"https:\/\/4room.lv\/en\/wp-json\/wp\/v2\/types\/product"}],"wp:featuredmedia":[{"embeddable":true,"href":"https:\/\/4room.lv\/en\/wp-json\/wp\/v2\/media\/158226"}],"wp:attachment":[{"href":"https:\/\/4room.lv\/en\/wp-json\/wp\/v2\/media?parent=158225"}],"wp:term":[{"taxonomy":"product_cat","embeddable":true,"href":"https:\/\/4room.lv\/en\/wp-json\/wp\/v2\/product_cat?post=158225"},{"taxonomy":"product_tag","embeddable":true,"href":"https:\/\/4room.lv\/en\/wp-json\/wp\/v2\/product_tag?post=158225"}],"curies":[{"name":"wp","href":"https:\/\/api.w.org\/{rel}","templated":true}]}}