{"id":158287,"date":"2025-05-30T17:06:21","date_gmt":"2025-05-30T14:06:21","guid":{"rendered":"https:\/\/4room.lv\/?post_type=product&#038;p=158287"},"modified":"2026-03-13T11:01:46","modified_gmt":"2026-03-13T09:01:46","slug":"esterno","status":"publish","type":"product","link":"https:\/\/4room.lv\/en\/veikals\/apgaismojums\/dekorativais\/esterno\/","title":{"rendered":"Esterno"},"content":{"rendered":"","protected":false},"excerpt":{"rendered":"<p>neliels Led galda gaismekl\u012bts, kas kalpo k\u0101 dekors vai naktslampi\u0146a. Ta ir l\u0101d\u0113jama ar USB-C l\u0101d\u0113t\u0101ju. Pa vidu gaismeklim ir kust\u012bga Led st\u012bga ar magn\u0113tu, l\u012bdz ar to Led st\u012bgu var novieott daz\u0101dos veidos. Tai ar\u012b ir tr\u012bs jaudas re\u017e\u012bmi.<\/p>\n","protected":false},"featured_media":158297,"template":"","meta":[],"product_cat":[127,150,147],"product_tag":[],"class_list":{"0":"post-158287","1":"product","2":"type-product","3":"status-publish","4":"has-post-thumbnail","6":"product_brand-zuma","7":"product_cat-apgaismojums","8":"product_cat-ara","9":"product_cat-dekorativais","11":"first","12":"instock","13":"shipping-taxable","14":"purchasable","15":"product-type-simple","16":"hongo-alternate-image-wrap"},"_links":{"self":[{"href":"https:\/\/4room.lv\/en\/wp-json\/wp\/v2\/product\/158287","targetHints":{"allow":["GET"]}}],"collection":[{"href":"https:\/\/4room.lv\/en\/wp-json\/wp\/v2\/product"}],"about":[{"href":"https:\/\/4room.lv\/en\/wp-json\/wp\/v2\/types\/product"}],"wp:featuredmedia":[{"embeddable":true,"href":"https:\/\/4room.lv\/en\/wp-json\/wp\/v2\/media\/158297"}],"wp:attachment":[{"href":"https:\/\/4room.lv\/en\/wp-json\/wp\/v2\/media?parent=158287"}],"wp:term":[{"taxonomy":"product_cat","embeddable":true,"href":"https:\/\/4room.lv\/en\/wp-json\/wp\/v2\/product_cat?post=158287"},{"taxonomy":"product_tag","embeddable":true,"href":"https:\/\/4room.lv\/en\/wp-json\/wp\/v2\/product_tag?post=158287"}],"curies":[{"name":"wp","href":"https:\/\/api.w.org\/{rel}","templated":true}]}}