{"id":158342,"date":"2025-10-02T12:30:10","date_gmt":"2025-10-02T09:30:10","guid":{"rendered":"https:\/\/4room.lv\/?post_type=product&#038;p=158342"},"modified":"2026-02-22T19:10:33","modified_gmt":"2026-02-22T17:10:33","slug":"dining-table-laurent-walnut","status":"publish","type":"product","link":"https:\/\/4room.lv\/en\/veikals\/mebeles\/galdi\/dining-table-laurent-walnut\/","title":{"rendered":"Dining Table Laurent Walnut"},"content":{"rendered":"","protected":false},"excerpt":{"rendered":"<p>Skaists un m\u016bsdien\u012bgs \u0113damgalds, burv\u012bg\u0101 valrieksta ton\u012b. Tam ir dizainiska k\u0101ja, no arkveida plaksn\u0113m, kas b\u016bs galvenais galda akcents.<\/p>\n","protected":false},"featured_media":158349,"template":"","meta":[],"product_cat":[129,142],"product_tag":[],"class_list":{"0":"post-158342","1":"product","2":"type-product","3":"status-publish","4":"has-post-thumbnail","6":"product_brand-dutch-bone","7":"product_brand-white-label-living","8":"product_brand-zuiver","9":"product_cat-mebeles","10":"product_cat-galdi","12":"first","13":"instock","14":"shipping-taxable","15":"purchasable","16":"product-type-simple","17":"hongo-alternate-image-wrap"},"_links":{"self":[{"href":"https:\/\/4room.lv\/en\/wp-json\/wp\/v2\/product\/158342","targetHints":{"allow":["GET"]}}],"collection":[{"href":"https:\/\/4room.lv\/en\/wp-json\/wp\/v2\/product"}],"about":[{"href":"https:\/\/4room.lv\/en\/wp-json\/wp\/v2\/types\/product"}],"wp:featuredmedia":[{"embeddable":true,"href":"https:\/\/4room.lv\/en\/wp-json\/wp\/v2\/media\/158349"}],"wp:attachment":[{"href":"https:\/\/4room.lv\/en\/wp-json\/wp\/v2\/media?parent=158342"}],"wp:term":[{"taxonomy":"product_cat","embeddable":true,"href":"https:\/\/4room.lv\/en\/wp-json\/wp\/v2\/product_cat?post=158342"},{"taxonomy":"product_tag","embeddable":true,"href":"https:\/\/4room.lv\/en\/wp-json\/wp\/v2\/product_tag?post=158342"}],"curies":[{"name":"wp","href":"https:\/\/api.w.org\/{rel}","templated":true}]}}