{"id":158539,"date":"2025-06-03T16:12:40","date_gmt":"2025-06-03T13:12:40","guid":{"rendered":"https:\/\/4room.lv\/?post_type=product&#038;p=158539"},"modified":"2025-06-03T16:12:40","modified_gmt":"2025-06-03T13:12:40","slug":"balance-pl-m","status":"publish","type":"product","link":"https:\/\/4room.lv\/en\/veikals\/apgaismojums\/dekorativais\/balance-pl-m\/","title":{"rendered":"Balance PL M"},"content":{"rendered":"","protected":false},"excerpt":{"rendered":"<p>Balance ir viens no iecien\u012bt\u0101kajiem mode\u013ciem, ko jau ilgsto\u0161i p\u016b\u0161 Murano stikla r\u016bpn\u012bc\u0101 Vistosi. Gaismeklis ir no sp\u012bd\u012bga balta stikla, kas ir unik\u0101las nesimetriskas un organiskas formas. Glu\u017ei k\u0101 vilnis vai m\u0101konis, kas izstaro maigu gaismu telp\u0101. To var stiprin\u0101t gan pie griestiem, gan sienas. Gaismeklis konkr\u0113t\u0101 versija ir 46cm, taj\u0101 iet 2gab E27 spuldzes, kuras variet izv\u0113l\u0113ties p\u0113c ieskatiem. M\u0113s ieteiktu \u0146emt balta stikla, vienm\u0113r\u012bg\u0101kai gaismai. Pieejama ar\u012b versija ar jau integr\u0113tu Led moduli. K\u0101 ar\u012b s\u0113rij\u0101 ir da\u017e\u0101di izm\u0113ri, k\u0101 a\u0157\u012b iek\u0101rta versija. Miks\u0113jot da\u017e\u0101dus izm\u0113rus, var rad\u012bt skiastu kompoz\u012bciju. Ja nepeicie\u0161ama papildus inform\u0101cija par gaismek\u013ca iesp\u0113j\u0101m, dro\u0161i vaic\u0101jiet mums!<\/p>\n","protected":false},"featured_media":158543,"template":"","meta":[],"product_cat":[1058,127,147],"product_tag":[],"class_list":{"0":"post-158539","1":"product","2":"type-product","3":"status-publish","4":"has-post-thumbnail","6":"product_brand-vistosi","7":"product_cat-dizaina","8":"product_cat-apgaismojums","9":"product_cat-dekorativais","11":"first","12":"instock","13":"shipping-taxable","14":"purchasable","15":"product-type-simple","16":"hongo-alternate-image-wrap"},"_links":{"self":[{"href":"https:\/\/4room.lv\/en\/wp-json\/wp\/v2\/product\/158539","targetHints":{"allow":["GET"]}}],"collection":[{"href":"https:\/\/4room.lv\/en\/wp-json\/wp\/v2\/product"}],"about":[{"href":"https:\/\/4room.lv\/en\/wp-json\/wp\/v2\/types\/product"}],"wp:featuredmedia":[{"embeddable":true,"href":"https:\/\/4room.lv\/en\/wp-json\/wp\/v2\/media\/158543"}],"wp:attachment":[{"href":"https:\/\/4room.lv\/en\/wp-json\/wp\/v2\/media?parent=158539"}],"wp:term":[{"taxonomy":"product_cat","embeddable":true,"href":"https:\/\/4room.lv\/en\/wp-json\/wp\/v2\/product_cat?post=158539"},{"taxonomy":"product_tag","embeddable":true,"href":"https:\/\/4room.lv\/en\/wp-json\/wp\/v2\/product_tag?post=158539"}],"curies":[{"name":"wp","href":"https:\/\/api.w.org\/{rel}","templated":true}]}}