{"id":158646,"date":"2025-06-04T10:20:40","date_gmt":"2025-06-04T07:20:40","guid":{"rendered":"https:\/\/4room.lv\/?post_type=product&#038;p=158646"},"modified":"2026-03-13T11:00:32","modified_gmt":"2026-03-13T09:00:32","slug":"ceiling-lamp-ares-ip54","status":"publish","type":"product","link":"https:\/\/4room.lv\/en\/veikals\/apgaismojums\/arhitekturalais\/ceiling-lamp-ares-ip54\/","title":{"rendered":"Ceiling lamp Ares IP54"},"content":{"rendered":"","protected":false},"excerpt":{"rendered":"<p>Griestu virsapmetuma Led gaismeklis tum\u0161\u0101 graf\u012btpel\u0113k\u0101 ton\u012b. Gaismeklim ir 4 diodes, kas labi izgaismo bez \u017eilbin\u0101\u0161anas. Tas ir mitrumnotur\u012bgs, piem\u0113rots lieto\u0161anai \u0101r\u0101 vai mitr\u0101s telp\u0101s.<\/p>\n","protected":false},"featured_media":158647,"template":"","meta":[],"product_cat":[127,150,148],"product_tag":[],"class_list":{"0":"post-158646","1":"product","2":"type-product","3":"status-publish","4":"has-post-thumbnail","6":"product_brand-maytoni","7":"product_cat-apgaismojums","8":"product_cat-ara","9":"product_cat-arhitekturalais","11":"first","12":"instock","13":"sale","14":"shipping-taxable","15":"purchasable","16":"product-type-simple","17":"hongo-alternate-image-wrap"},"_links":{"self":[{"href":"https:\/\/4room.lv\/en\/wp-json\/wp\/v2\/product\/158646","targetHints":{"allow":["GET"]}}],"collection":[{"href":"https:\/\/4room.lv\/en\/wp-json\/wp\/v2\/product"}],"about":[{"href":"https:\/\/4room.lv\/en\/wp-json\/wp\/v2\/types\/product"}],"wp:featuredmedia":[{"embeddable":true,"href":"https:\/\/4room.lv\/en\/wp-json\/wp\/v2\/media\/158647"}],"wp:attachment":[{"href":"https:\/\/4room.lv\/en\/wp-json\/wp\/v2\/media?parent=158646"}],"wp:term":[{"taxonomy":"product_cat","embeddable":true,"href":"https:\/\/4room.lv\/en\/wp-json\/wp\/v2\/product_cat?post=158646"},{"taxonomy":"product_tag","embeddable":true,"href":"https:\/\/4room.lv\/en\/wp-json\/wp\/v2\/product_tag?post=158646"}],"curies":[{"name":"wp","href":"https:\/\/api.w.org\/{rel}","templated":true}]}}