{"id":158669,"date":"2025-06-04T10:56:58","date_gmt":"2025-06-04T07:56:58","guid":{"rendered":"https:\/\/4room.lv\/?post_type=product&#038;p=158669"},"modified":"2025-06-04T10:56:58","modified_gmt":"2025-06-04T07:56:58","slug":"sonica-side-table","status":"publish","type":"product","link":"https:\/\/4room.lv\/en\/veikals\/mebeles\/galdi\/sonica-side-table\/","title":{"rendered":"Sonica side table"},"content":{"rendered":"","protected":false},"excerpt":{"rendered":"<p>Elegants kafijas galdi\u0146\u0161 no keramikas ar met\u0101la virsmu misi\u0146a ton\u012b. Keramika kr\u0101sota piezem\u0113ti t\u0113jas za\u013c\u0101 ton\u012b, kas izskat\u0101s lieliski ar ar mat\u0113to misi\u0146a virsmu.<\/p>\n<p>Galdi\u0146u ir iesp\u0113ja pas\u016bt\u012bt ar\u012b citos to\u0146os no Aromas keramikas to\u0146u paletes, k\u0101 a\u0157\u012b izvel\u0113ties virsmu meln\u0101 vai ni\u0137el\u0113\u0101 met\u0101l\u0101. Vairak uzzin\u0101t variet jaut\u0101jot mums.<\/p>\n<p>&nbsp;<\/p>\n","protected":false},"featured_media":158670,"template":"","meta":[],"product_cat":[129,142],"product_tag":[],"class_list":{"0":"post-158669","1":"product","2":"type-product","3":"status-publish","4":"has-post-thumbnail","6":"product_brand-aromas-del-campo","7":"product_cat-mebeles","8":"product_cat-galdi","10":"first","11":"instock","12":"shipping-taxable","13":"purchasable","14":"product-type-simple","15":"hongo-alternate-image-wrap"},"_links":{"self":[{"href":"https:\/\/4room.lv\/en\/wp-json\/wp\/v2\/product\/158669","targetHints":{"allow":["GET"]}}],"collection":[{"href":"https:\/\/4room.lv\/en\/wp-json\/wp\/v2\/product"}],"about":[{"href":"https:\/\/4room.lv\/en\/wp-json\/wp\/v2\/types\/product"}],"wp:featuredmedia":[{"embeddable":true,"href":"https:\/\/4room.lv\/en\/wp-json\/wp\/v2\/media\/158670"}],"wp:attachment":[{"href":"https:\/\/4room.lv\/en\/wp-json\/wp\/v2\/media?parent=158669"}],"wp:term":[{"taxonomy":"product_cat","embeddable":true,"href":"https:\/\/4room.lv\/en\/wp-json\/wp\/v2\/product_cat?post=158669"},{"taxonomy":"product_tag","embeddable":true,"href":"https:\/\/4room.lv\/en\/wp-json\/wp\/v2\/product_tag?post=158669"}],"curies":[{"name":"wp","href":"https:\/\/api.w.org\/{rel}","templated":true}]}}