{"id":158685,"date":"2025-06-04T11:24:30","date_gmt":"2025-06-04T08:24:30","guid":{"rendered":"https:\/\/4room.lv\/?post_type=product&#038;p=158685"},"modified":"2025-06-04T11:24:31","modified_gmt":"2025-06-04T08:24:31","slug":"lord-rechargeable-lamp-amber","status":"publish","type":"product","link":"https:\/\/4room.lv\/en\/veikals\/apgaismojums\/dekorativais\/lord-rechargeable-lamp-amber\/","title":{"rendered":"LORD rechargeable lamp amber"},"content":{"rendered":"","protected":false},"excerpt":{"rendered":"<p>Dekorat\u012bva l\u0101d\u0113jam\u0101 galda lampa ar skaistu dzintara stikla kupolu uz melnas met\u0101la b\u0101zes. Iek\u0161\u0101 gaismekl\u012b ir integr\u0113ts Led, tai ir 4 jaudas re\u017e\u012bmi, kurus var regul\u0113t ar podzi\u0146u uz b\u0101zes. Uzl\u0101de ar USB-C tipa l\u0101d\u0113t\u0101ju.<\/p>\n","protected":false},"featured_media":158686,"template":"","meta":[],"product_cat":[147],"product_tag":[],"class_list":{"0":"post-158685","1":"product","2":"type-product","3":"status-publish","4":"has-post-thumbnail","6":"product_brand-trio","7":"product_cat-dekorativais","9":"first","10":"instock","11":"shipping-taxable","12":"purchasable","13":"product-type-simple","14":"hongo-alternate-image-wrap"},"_links":{"self":[{"href":"https:\/\/4room.lv\/en\/wp-json\/wp\/v2\/product\/158685","targetHints":{"allow":["GET"]}}],"collection":[{"href":"https:\/\/4room.lv\/en\/wp-json\/wp\/v2\/product"}],"about":[{"href":"https:\/\/4room.lv\/en\/wp-json\/wp\/v2\/types\/product"}],"wp:featuredmedia":[{"embeddable":true,"href":"https:\/\/4room.lv\/en\/wp-json\/wp\/v2\/media\/158686"}],"wp:attachment":[{"href":"https:\/\/4room.lv\/en\/wp-json\/wp\/v2\/media?parent=158685"}],"wp:term":[{"taxonomy":"product_cat","embeddable":true,"href":"https:\/\/4room.lv\/en\/wp-json\/wp\/v2\/product_cat?post=158685"},{"taxonomy":"product_tag","embeddable":true,"href":"https:\/\/4room.lv\/en\/wp-json\/wp\/v2\/product_tag?post=158685"}],"curies":[{"name":"wp","href":"https:\/\/api.w.org\/{rel}","templated":true}]}}