{"id":158717,"date":"2025-06-04T15:22:49","date_gmt":"2025-06-04T12:22:49","guid":{"rendered":"https:\/\/4room.lv\/?post_type=product&#038;p=158717"},"modified":"2025-06-04T15:26:15","modified_gmt":"2025-06-04T12:26:15","slug":"array-terra-1820","status":"publish","type":"product","link":"https:\/\/4room.lv\/en\/veikals\/apgaismojums\/dekorativais\/array-terra-1820\/","title":{"rendered":"Array terra 1820"},"content":{"rendered":"","protected":false},"excerpt":{"rendered":"<p>Dizainers Umuts Jamaks pied\u0101v\u0101 da\u017e\u0101du izm\u0113ru piekaramo lampu kolekciju \u201cArray\u201d, kas ir tehnisks pavedienu potenci\u0101la izp\u0113t\u012bjums, lai rad\u012btu \u0113teriskas, dinamiskas piekaramo gaismek\u013cu skulpt\u016bras. Pieejamas da\u017e\u0101dos izm\u0113ros, form\u0101s un to\u0146os. Gaismek\u013cus iesp\u0113jams iek\u0101rt l\u012bdz 5m, kas ir lieliskss risin\u0101jums telp\u0101m ar augstiem griestiem.<\/p>\n","protected":false},"featured_media":158721,"template":"","meta":[],"product_cat":[1058,127,147],"product_tag":[],"class_list":{"0":"post-158717","1":"product","2":"type-product","3":"status-publish","4":"has-post-thumbnail","6":"product_brand-vibia","7":"product_cat-dizaina","8":"product_cat-apgaismojums","9":"product_cat-dekorativais","11":"first","12":"instock","13":"shipping-taxable","14":"purchasable","15":"product-type-simple","16":"hongo-alternate-image-wrap"},"_links":{"self":[{"href":"https:\/\/4room.lv\/en\/wp-json\/wp\/v2\/product\/158717","targetHints":{"allow":["GET"]}}],"collection":[{"href":"https:\/\/4room.lv\/en\/wp-json\/wp\/v2\/product"}],"about":[{"href":"https:\/\/4room.lv\/en\/wp-json\/wp\/v2\/types\/product"}],"wp:featuredmedia":[{"embeddable":true,"href":"https:\/\/4room.lv\/en\/wp-json\/wp\/v2\/media\/158721"}],"wp:attachment":[{"href":"https:\/\/4room.lv\/en\/wp-json\/wp\/v2\/media?parent=158717"}],"wp:term":[{"taxonomy":"product_cat","embeddable":true,"href":"https:\/\/4room.lv\/en\/wp-json\/wp\/v2\/product_cat?post=158717"},{"taxonomy":"product_tag","embeddable":true,"href":"https:\/\/4room.lv\/en\/wp-json\/wp\/v2\/product_tag?post=158717"}],"curies":[{"name":"wp","href":"https:\/\/api.w.org\/{rel}","templated":true}]}}