{"id":158821,"date":"2025-06-05T13:22:55","date_gmt":"2025-06-05T10:22:55","guid":{"rendered":"https:\/\/4room.lv\/?post_type=product&#038;p=158821"},"modified":"2025-12-28T19:18:58","modified_gmt":"2025-12-28T17:18:58","slug":"sideboard-brave","status":"publish","type":"product","link":"https:\/\/4room.lv\/en\/veikals\/mebeles\/plaukti-un-skapji\/sideboard-brave\/","title":{"rendered":"Sideboard Brave"},"content":{"rendered":"","protected":false},"excerpt":{"rendered":"<p>Brave modelis izce\u013c\u0101s ar sav\u0101m elegnataj\u0101m un m\u016bsdien\u012bgaj\u0101m l\u012bnij\u0101m. To var izmantot gan k\u0101 Tv plauktu, kumodi vai pat galdi\u0146u. Tam ir \u0113rti nodal\u012bjumi lietu uzglab\u0101\u0161anai. Ozolkoka finieris apstr\u0101d\u0101ts ar e\u013c\u013cu, l\u012bdz ar to to var\u0113s atjaunot, ja b\u016bs nepeicie\u0161ams atsvaidzin\u0101t virsmu.<\/p>\n","protected":false},"featured_media":158822,"template":"","meta":[],"product_cat":[129,143],"product_tag":[],"class_list":{"0":"post-158821","1":"product","2":"type-product","3":"status-publish","4":"has-post-thumbnail","6":"product_brand-dutch-bone","7":"product_brand-white-label-living","8":"product_brand-zuiver","9":"product_cat-mebeles","10":"product_cat-plaukti-un-skapji","12":"first","13":"instock","14":"shipping-taxable","15":"purchasable","16":"product-type-simple","17":"hongo-alternate-image-wrap"},"_links":{"self":[{"href":"https:\/\/4room.lv\/en\/wp-json\/wp\/v2\/product\/158821","targetHints":{"allow":["GET"]}}],"collection":[{"href":"https:\/\/4room.lv\/en\/wp-json\/wp\/v2\/product"}],"about":[{"href":"https:\/\/4room.lv\/en\/wp-json\/wp\/v2\/types\/product"}],"wp:featuredmedia":[{"embeddable":true,"href":"https:\/\/4room.lv\/en\/wp-json\/wp\/v2\/media\/158822"}],"wp:attachment":[{"href":"https:\/\/4room.lv\/en\/wp-json\/wp\/v2\/media?parent=158821"}],"wp:term":[{"taxonomy":"product_cat","embeddable":true,"href":"https:\/\/4room.lv\/en\/wp-json\/wp\/v2\/product_cat?post=158821"},{"taxonomy":"product_tag","embeddable":true,"href":"https:\/\/4room.lv\/en\/wp-json\/wp\/v2\/product_tag?post=158821"}],"curies":[{"name":"wp","href":"https:\/\/api.w.org\/{rel}","templated":true}]}}