{"id":158844,"date":"2025-06-05T13:47:23","date_gmt":"2025-06-05T10:47:23","guid":{"rendered":"https:\/\/4room.lv\/?post_type=product&#038;p=158844"},"modified":"2025-06-05T13:47:23","modified_gmt":"2025-06-05T10:47:23","slug":"milo-wall-recessed","status":"publish","type":"product","link":"https:\/\/4room.lv\/en\/veikals\/apgaismojums\/dekorativais\/milo-wall-recessed\/","title":{"rendered":"Milo wall recessed"},"content":{"rendered":"","protected":false},"excerpt":{"rendered":"<p>Sien\u0101 ieb\u016bv\u0113jams las\u0101mspots, kas b\u016bs m\u016bsdien\u012bgs, praktisks un ask\u0113tisks risin\u0101juem, piem\u0113ram, pie gultas. Gaismek\u013ca spota da\u013ca ir ieb\u012bdama korpus\u0101, lai tas lieki netrauc\u0113tu. Tam uz korpusa ir iesleg\u0161anas\/izsl\u0113g\u0161anas poga, k\u0101 ar\u012b USB-C izvada vieta, lai \u0113rti piesl\u0113gtu l\u0101d\u0113t\u0101ju. T\u0101dej\u0101di neb\u016bs nepiecie\u0161ami lieki sl\u0113d\u017ei un rozetes.<\/p>\n<p>&nbsp;<\/p>\n","protected":false},"featured_media":158845,"template":"","meta":[],"product_cat":[127,148,147],"product_tag":[],"class_list":{"0":"post-158844","1":"product","2":"type-product","3":"status-publish","4":"has-post-thumbnail","6":"product_brand-vkled","7":"product_cat-apgaismojums","8":"product_cat-arhitekturalais","9":"product_cat-dekorativais","11":"first","12":"instock","13":"shipping-taxable","14":"purchasable","15":"product-type-simple"},"_links":{"self":[{"href":"https:\/\/4room.lv\/en\/wp-json\/wp\/v2\/product\/158844","targetHints":{"allow":["GET"]}}],"collection":[{"href":"https:\/\/4room.lv\/en\/wp-json\/wp\/v2\/product"}],"about":[{"href":"https:\/\/4room.lv\/en\/wp-json\/wp\/v2\/types\/product"}],"wp:featuredmedia":[{"embeddable":true,"href":"https:\/\/4room.lv\/en\/wp-json\/wp\/v2\/media\/158845"}],"wp:attachment":[{"href":"https:\/\/4room.lv\/en\/wp-json\/wp\/v2\/media?parent=158844"}],"wp:term":[{"taxonomy":"product_cat","embeddable":true,"href":"https:\/\/4room.lv\/en\/wp-json\/wp\/v2\/product_cat?post=158844"},{"taxonomy":"product_tag","embeddable":true,"href":"https:\/\/4room.lv\/en\/wp-json\/wp\/v2\/product_tag?post=158844"}],"curies":[{"name":"wp","href":"https:\/\/api.w.org\/{rel}","templated":true}]}}