{"id":158851,"date":"2025-06-05T14:35:06","date_gmt":"2025-06-05T11:35:06","guid":{"rendered":"https:\/\/4room.lv\/?post_type=product&#038;p=158851"},"modified":"2025-06-05T14:38:51","modified_gmt":"2025-06-05T11:38:51","slug":"lucent-transparent","status":"publish","type":"product","link":"https:\/\/4room.lv\/en\/veikals\/apgaismojums\/dekorativais\/lucent-transparent\/","title":{"rendered":"Lucent transparent"},"content":{"rendered":"","protected":false},"excerpt":{"rendered":"<p>M\u016bsdien\u012bgs un funkcion\u0101ls Led gaismeklis, kur uz 11 Led trubi\u0146\u0101m rot\u0101jas dekorat\u012bvi stikla kupoli. Gaismeklim ir iesp\u0113ja izv\u0113l\u0113ties spektru, tam ir regulators uz gaismek\u013ca b\u0101zes, kurpie uzst\u0101d\u012b\u0161anas variet uzlikt silt\u0101ku vai v\u0113s\u0101ku gaismu. K\u0101 ar\u012b gaismeklim ir Step dim funkcija, kur ar parasto sl\u0113dzi b\u016bs iesp\u0113ja p\u0101rsl\u0113gt intensit\u0101tes re\u017e\u012bmu no 100% uz 50% vai 25% jaudu. L\u012bdz ar to nav nepeicie\u0161ams uzst\u0101d\u012bt dimmeri, lai regul\u0113tu gaismek\u013ca spo\u017eumu. L\u012bdz ar to gaismeklis b\u016bs ne tikai dekorat\u012bvs, bet ar\u012b prakstisks.<\/p>\n","protected":false},"featured_media":158852,"template":"","meta":[],"product_cat":[127,147],"product_tag":[],"class_list":{"0":"post-158851","1":"product","2":"type-product","3":"status-publish","4":"has-post-thumbnail","6":"product_brand-select","7":"product_cat-apgaismojums","8":"product_cat-dekorativais","10":"first","11":"instock","12":"sale","13":"shipping-taxable","14":"purchasable","15":"product-type-simple","16":"hongo-alternate-image-wrap"},"_links":{"self":[{"href":"https:\/\/4room.lv\/en\/wp-json\/wp\/v2\/product\/158851","targetHints":{"allow":["GET"]}}],"collection":[{"href":"https:\/\/4room.lv\/en\/wp-json\/wp\/v2\/product"}],"about":[{"href":"https:\/\/4room.lv\/en\/wp-json\/wp\/v2\/types\/product"}],"wp:featuredmedia":[{"embeddable":true,"href":"https:\/\/4room.lv\/en\/wp-json\/wp\/v2\/media\/158852"}],"wp:attachment":[{"href":"https:\/\/4room.lv\/en\/wp-json\/wp\/v2\/media?parent=158851"}],"wp:term":[{"taxonomy":"product_cat","embeddable":true,"href":"https:\/\/4room.lv\/en\/wp-json\/wp\/v2\/product_cat?post=158851"},{"taxonomy":"product_tag","embeddable":true,"href":"https:\/\/4room.lv\/en\/wp-json\/wp\/v2\/product_tag?post=158851"}],"curies":[{"name":"wp","href":"https:\/\/api.w.org\/{rel}","templated":true}]}}