{"id":158864,"date":"2025-06-05T14:48:17","date_gmt":"2025-06-05T11:48:17","guid":{"rendered":"https:\/\/4room.lv\/?post_type=product&#038;p=158864"},"modified":"2025-06-05T14:48:50","modified_gmt":"2025-06-05T11:48:50","slug":"pillar-dining-table","status":"publish","type":"product","link":"https:\/\/4room.lv\/en\/veikals\/mebeles\/galdi\/pillar-dining-table\/","title":{"rendered":"Pillar dining table"},"content":{"rendered":"","protected":false},"excerpt":{"rendered":"<p>Uzlabojiet savu vakari\u0146o\u0161anas pieredzi ar jaun\u0101ko papildin\u0101jumu m\u016bsu eso\u0161ajai kolekcijai: apa\u013co \u0113damgaldu &#8220;Pillar&#8221;. Galda pamatne ir iztur\u012bga, kr\u0113mkr\u0101sas kolonna, kas rada miera un izsmalcin\u0101t\u012bbas saj\u016btu. T\u0101 apa\u013c\u0101 virsma rada kop\u012bgu, iek\u013caujo\u0161u atmosf\u0113ru pulc\u0113\u0161an\u0101s reiz\u0113m, \u013caujot viesiem \u0113rti s\u0113d\u0113t un br\u012bvi sarun\u0101ties. Galda virsmas glud\u0101, t\u012br\u0101 apdare padara to ne tikai par vizu\u0101lu centr\u0101lo elementu, bet ar\u012b par praktisku izv\u0113li ikdienas lieto\u0161anai.<\/p>\n","protected":false},"featured_media":158865,"template":"","meta":[],"product_cat":[129,142],"product_tag":[],"class_list":{"0":"post-158864","1":"product","2":"type-product","3":"status-publish","4":"has-post-thumbnail","6":"product_brand-hkliving","7":"product_cat-mebeles","8":"product_cat-galdi","10":"first","11":"instock","12":"shipping-taxable","13":"purchasable","14":"product-type-simple","15":"hongo-alternate-image-wrap"},"_links":{"self":[{"href":"https:\/\/4room.lv\/en\/wp-json\/wp\/v2\/product\/158864","targetHints":{"allow":["GET"]}}],"collection":[{"href":"https:\/\/4room.lv\/en\/wp-json\/wp\/v2\/product"}],"about":[{"href":"https:\/\/4room.lv\/en\/wp-json\/wp\/v2\/types\/product"}],"wp:featuredmedia":[{"embeddable":true,"href":"https:\/\/4room.lv\/en\/wp-json\/wp\/v2\/media\/158865"}],"wp:attachment":[{"href":"https:\/\/4room.lv\/en\/wp-json\/wp\/v2\/media?parent=158864"}],"wp:term":[{"taxonomy":"product_cat","embeddable":true,"href":"https:\/\/4room.lv\/en\/wp-json\/wp\/v2\/product_cat?post=158864"},{"taxonomy":"product_tag","embeddable":true,"href":"https:\/\/4room.lv\/en\/wp-json\/wp\/v2\/product_tag?post=158864"}],"curies":[{"name":"wp","href":"https:\/\/api.w.org\/{rel}","templated":true}]}}