{"id":158921,"date":"2025-06-05T15:43:13","date_gmt":"2025-06-05T12:43:13","guid":{"rendered":"https:\/\/4room.lv\/?post_type=product&#038;p=158921"},"modified":"2025-06-05T15:43:33","modified_gmt":"2025-06-05T12:43:33","slug":"balos-wall","status":"publish","type":"product","link":"https:\/\/4room.lv\/en\/veikals\/apgaismojums\/dekorativais\/balos-wall\/","title":{"rendered":"Balos wall lamp"},"content":{"rendered":"","protected":false},"excerpt":{"rendered":"<p>Skaista sienas lampa, kur uz melnas met\u0101la k\u0101ji\u0146as rot\u0101jas keramikas dekors un balta stikla lode, kur\u0101 ir integr\u0113ts 5W Led.<\/p>\n","protected":false},"featured_media":158922,"template":"","meta":[],"product_cat":[127,147],"product_tag":[],"class_list":{"0":"post-158921","1":"product","2":"type-product","3":"status-publish","4":"has-post-thumbnail","6":"product_brand-italux","7":"product_cat-apgaismojums","8":"product_cat-dekorativais","10":"first","11":"instock","12":"shipping-taxable","13":"purchasable","14":"product-type-simple"},"_links":{"self":[{"href":"https:\/\/4room.lv\/en\/wp-json\/wp\/v2\/product\/158921","targetHints":{"allow":["GET"]}}],"collection":[{"href":"https:\/\/4room.lv\/en\/wp-json\/wp\/v2\/product"}],"about":[{"href":"https:\/\/4room.lv\/en\/wp-json\/wp\/v2\/types\/product"}],"wp:featuredmedia":[{"embeddable":true,"href":"https:\/\/4room.lv\/en\/wp-json\/wp\/v2\/media\/158922"}],"wp:attachment":[{"href":"https:\/\/4room.lv\/en\/wp-json\/wp\/v2\/media?parent=158921"}],"wp:term":[{"taxonomy":"product_cat","embeddable":true,"href":"https:\/\/4room.lv\/en\/wp-json\/wp\/v2\/product_cat?post=158921"},{"taxonomy":"product_tag","embeddable":true,"href":"https:\/\/4room.lv\/en\/wp-json\/wp\/v2\/product_tag?post=158921"}],"curies":[{"name":"wp","href":"https:\/\/api.w.org\/{rel}","templated":true}]}}