{"id":158945,"date":"2025-06-05T17:54:18","date_gmt":"2025-06-05T14:54:18","guid":{"rendered":"https:\/\/4room.lv\/?post_type=product&#038;p=158945"},"modified":"2025-06-05T17:54:35","modified_gmt":"2025-06-05T14:54:35","slug":"palo-post","status":"publish","type":"product","link":"https:\/\/4room.lv\/en\/veikals\/apgaismojums\/palo-post\/","title":{"rendered":"Palo post anthracite"},"content":{"rendered":"","protected":false},"excerpt":{"rendered":"<p>Kvalitat\u012bvi italij\u0101 ra\u017eoti antrac\u012bta to\u0146a zemie \u0101ra stabi\u0146i ar integr\u0113tu Led silt\u0101 ton\u012b. Led sp\u012bd vien\u0101 virzien\u0101 uz leju, kas lieliski izgaismoo taci\u0146as. Ja nepeicie\u0161ams ir iesp\u0113ja pas\u016bt\u012bt ar papildus Led moduli ar\u012b otr\u0101 pus\u0113, lai tas izgaismo uz ab\u0101m pus\u0113m. Ra\u017eotajs pied\u0101v\u0101 da\u017e\u0101das to\u0146u un spektra opcijas, k\u0101 ar\u012b daz\u0101das deta\u013cas uzst\u0101d\u012b\u0161anai. Visu nepeicie\u0161amo inform\u0101ciju variet jaut\u0101t mums.<\/p>\n","protected":false},"featured_media":158946,"template":"","meta":[],"product_cat":[127],"product_tag":[],"class_list":{"0":"post-158945","1":"product","2":"type-product","3":"status-publish","4":"has-post-thumbnail","6":"product_brand-goccia","7":"product_cat-apgaismojums","9":"first","10":"instock","11":"shipping-taxable","12":"purchasable","13":"product-type-simple","14":"hongo-alternate-image-wrap"},"_links":{"self":[{"href":"https:\/\/4room.lv\/en\/wp-json\/wp\/v2\/product\/158945","targetHints":{"allow":["GET"]}}],"collection":[{"href":"https:\/\/4room.lv\/en\/wp-json\/wp\/v2\/product"}],"about":[{"href":"https:\/\/4room.lv\/en\/wp-json\/wp\/v2\/types\/product"}],"wp:featuredmedia":[{"embeddable":true,"href":"https:\/\/4room.lv\/en\/wp-json\/wp\/v2\/media\/158946"}],"wp:attachment":[{"href":"https:\/\/4room.lv\/en\/wp-json\/wp\/v2\/media?parent=158945"}],"wp:term":[{"taxonomy":"product_cat","embeddable":true,"href":"https:\/\/4room.lv\/en\/wp-json\/wp\/v2\/product_cat?post=158945"},{"taxonomy":"product_tag","embeddable":true,"href":"https:\/\/4room.lv\/en\/wp-json\/wp\/v2\/product_tag?post=158945"}],"curies":[{"name":"wp","href":"https:\/\/api.w.org\/{rel}","templated":true}]}}