{"id":158981,"date":"2025-06-06T10:47:18","date_gmt":"2025-06-06T07:47:18","guid":{"rendered":"https:\/\/4room.lv\/?post_type=product&#038;p=158981"},"modified":"2025-06-06T10:47:19","modified_gmt":"2025-06-06T07:47:19","slug":"the-gu10-ceiling-light","status":"publish","type":"product","link":"https:\/\/4room.lv\/en\/veikals\/apgaismojums\/arhitekturalais\/the-gu10-ceiling-light\/","title":{"rendered":"The GU10 Ceiling Light"},"content":{"rendered":"","protected":false},"excerpt":{"rendered":"<p>Balts GU10 virsapmetuma spot gaismeklis ar novirz\u0101mu gaismu. Spuldzi variet izv\u0113l\u0113ties sev velamaj\u0101 jaud\u0101, spektr\u0101 un len\u0137\u012b.<\/p>\n","protected":false},"featured_media":158982,"template":"","meta":[],"product_cat":[127,148,149],"product_tag":[],"class_list":{"0":"post-158981","1":"product","2":"type-product","3":"status-publish","4":"has-post-thumbnail","6":"product_brand-onelight","7":"product_cat-apgaismojums","8":"product_cat-arhitekturalais","9":"product_cat-industrialais","11":"first","12":"instock","13":"shipping-taxable","14":"purchasable","15":"product-type-simple"},"_links":{"self":[{"href":"https:\/\/4room.lv\/en\/wp-json\/wp\/v2\/product\/158981","targetHints":{"allow":["GET"]}}],"collection":[{"href":"https:\/\/4room.lv\/en\/wp-json\/wp\/v2\/product"}],"about":[{"href":"https:\/\/4room.lv\/en\/wp-json\/wp\/v2\/types\/product"}],"wp:featuredmedia":[{"embeddable":true,"href":"https:\/\/4room.lv\/en\/wp-json\/wp\/v2\/media\/158982"}],"wp:attachment":[{"href":"https:\/\/4room.lv\/en\/wp-json\/wp\/v2\/media?parent=158981"}],"wp:term":[{"taxonomy":"product_cat","embeddable":true,"href":"https:\/\/4room.lv\/en\/wp-json\/wp\/v2\/product_cat?post=158981"},{"taxonomy":"product_tag","embeddable":true,"href":"https:\/\/4room.lv\/en\/wp-json\/wp\/v2\/product_tag?post=158981"}],"curies":[{"name":"wp","href":"https:\/\/api.w.org\/{rel}","templated":true}]}}