{"id":159095,"date":"2025-06-06T13:52:01","date_gmt":"2025-06-06T10:52:01","guid":{"rendered":"https:\/\/4room.lv\/?post_type=product&#038;p=159095"},"modified":"2025-06-06T13:52:01","modified_gmt":"2025-06-06T10:52:01","slug":"arqua-2-gold","status":"publish","type":"product","link":"https:\/\/4room.lv\/en\/veikals\/apgaismojums\/dekorativais\/arqua-2-gold\/","title":{"rendered":"Arqua 2 gold"},"content":{"rendered":"","protected":false},"excerpt":{"rendered":"<p>Interesantas formas Led gaismeklis ar mat\u0113ta zelta apdari. Uz br\u012bv\u0101m tros\u0113, lai variet izvietojumu piel\u0101got savai telpai. Led ir dim\u0113jams. Pieejams a\u0157\u012b melns.<\/p>\n","protected":false},"featured_media":159096,"template":"","meta":[],"product_cat":[127,147],"product_tag":[],"class_list":{"0":"post-159095","1":"product","2":"type-product","3":"status-publish","4":"has-post-thumbnail","6":"product_brand-ondaluce","7":"product_cat-apgaismojums","8":"product_cat-dekorativais","10":"first","11":"instock","12":"sale","13":"shipping-taxable","14":"purchasable","15":"product-type-simple","16":"hongo-alternate-image-wrap"},"_links":{"self":[{"href":"https:\/\/4room.lv\/en\/wp-json\/wp\/v2\/product\/159095","targetHints":{"allow":["GET"]}}],"collection":[{"href":"https:\/\/4room.lv\/en\/wp-json\/wp\/v2\/product"}],"about":[{"href":"https:\/\/4room.lv\/en\/wp-json\/wp\/v2\/types\/product"}],"wp:featuredmedia":[{"embeddable":true,"href":"https:\/\/4room.lv\/en\/wp-json\/wp\/v2\/media\/159096"}],"wp:attachment":[{"href":"https:\/\/4room.lv\/en\/wp-json\/wp\/v2\/media?parent=159095"}],"wp:term":[{"taxonomy":"product_cat","embeddable":true,"href":"https:\/\/4room.lv\/en\/wp-json\/wp\/v2\/product_cat?post=159095"},{"taxonomy":"product_tag","embeddable":true,"href":"https:\/\/4room.lv\/en\/wp-json\/wp\/v2\/product_tag?post=159095"}],"curies":[{"name":"wp","href":"https:\/\/api.w.org\/{rel}","templated":true}]}}