{"id":159340,"date":"2025-06-11T16:08:43","date_gmt":"2025-06-11T13:08:43","guid":{"rendered":"https:\/\/4room.lv\/?post_type=product&#038;p=159340"},"modified":"2025-06-11T16:08:43","modified_gmt":"2025-06-11T13:08:43","slug":"plumcake-blue","status":"publish","type":"product","link":"https:\/\/4room.lv\/en\/veikals\/apgaismojums\/dekorativais\/plumcake-blue\/","title":{"rendered":"Plumcake blue"},"content":{"rendered":"","protected":false},"excerpt":{"rendered":"<p>Skaists keramikas gaismeklis, glaz\u0113ts zil\u0101 kr\u0101s\u0101. Iek\u0161\u0101 liek\u0101s E27 spuldze, kuru variet izvel\u0113ties p\u0113c saviem ieskatiem.<\/p>\n","protected":false},"featured_media":159341,"template":"","meta":[],"product_cat":[127,147],"product_tag":[],"class_list":{"0":"post-159340","1":"product","2":"type-product","3":"status-publish","4":"has-post-thumbnail","6":"product_brand-ondaluce","7":"product_cat-apgaismojums","8":"product_cat-dekorativais","10":"first","11":"instock","12":"sale","13":"shipping-taxable","14":"purchasable","15":"product-type-simple","16":"hongo-alternate-image-wrap"},"_links":{"self":[{"href":"https:\/\/4room.lv\/en\/wp-json\/wp\/v2\/product\/159340","targetHints":{"allow":["GET"]}}],"collection":[{"href":"https:\/\/4room.lv\/en\/wp-json\/wp\/v2\/product"}],"about":[{"href":"https:\/\/4room.lv\/en\/wp-json\/wp\/v2\/types\/product"}],"wp:featuredmedia":[{"embeddable":true,"href":"https:\/\/4room.lv\/en\/wp-json\/wp\/v2\/media\/159341"}],"wp:attachment":[{"href":"https:\/\/4room.lv\/en\/wp-json\/wp\/v2\/media?parent=159340"}],"wp:term":[{"taxonomy":"product_cat","embeddable":true,"href":"https:\/\/4room.lv\/en\/wp-json\/wp\/v2\/product_cat?post=159340"},{"taxonomy":"product_tag","embeddable":true,"href":"https:\/\/4room.lv\/en\/wp-json\/wp\/v2\/product_tag?post=159340"}],"curies":[{"name":"wp","href":"https:\/\/api.w.org\/{rel}","templated":true}]}}