{"id":159344,"date":"2025-06-11T16:22:05","date_gmt":"2025-06-11T13:22:05","guid":{"rendered":"https:\/\/4room.lv\/?post_type=product&#038;p=159344"},"modified":"2025-06-11T16:33:34","modified_gmt":"2025-06-11T13:33:34","slug":"glam-floor-lamp-chrome","status":"publish","type":"product","link":"https:\/\/4room.lv\/en\/veikals\/apgaismojums\/dekorativais\/glam-floor-lamp-chrome\/","title":{"rendered":"Glam floor lamp chrome"},"content":{"rendered":"","protected":false},"excerpt":{"rendered":"<p>Eleganta p\u0101rkares st\u0101vlampa ar hrom\u0113tu p\u0113du un baltu auduma aba\u017e\u016bru 40cm diametr\u0101, pat\u012bkamai un m\u0101j\u012bgai gaismai. Gaismeklis ir smaga un stabila b\u0101ze, l\u012bdz ar to var nebaid\u012bties ka gaismeklis neb\u016bs stabils. Gaismeklim nepiecie\u0161ama 1 E27 spuldze, iesak\u0101m likt balt\u0101 stikla spuldzi vienm\u0113r\u012bg\u0101kai aba\u017e\u016bra izgaismo\u0161anai.<\/p>\n","protected":false},"featured_media":159345,"template":"","meta":[],"product_cat":[127,147],"product_tag":[],"class_list":{"0":"post-159344","1":"product","2":"type-product","3":"status-publish","4":"has-post-thumbnail","6":"product_brand-ondaluce","7":"product_cat-apgaismojums","8":"product_cat-dekorativais","10":"first","11":"instock","12":"sale","13":"shipping-taxable","14":"purchasable","15":"product-type-simple","16":"hongo-alternate-image-wrap"},"_links":{"self":[{"href":"https:\/\/4room.lv\/en\/wp-json\/wp\/v2\/product\/159344","targetHints":{"allow":["GET"]}}],"collection":[{"href":"https:\/\/4room.lv\/en\/wp-json\/wp\/v2\/product"}],"about":[{"href":"https:\/\/4room.lv\/en\/wp-json\/wp\/v2\/types\/product"}],"wp:featuredmedia":[{"embeddable":true,"href":"https:\/\/4room.lv\/en\/wp-json\/wp\/v2\/media\/159345"}],"wp:attachment":[{"href":"https:\/\/4room.lv\/en\/wp-json\/wp\/v2\/media?parent=159344"}],"wp:term":[{"taxonomy":"product_cat","embeddable":true,"href":"https:\/\/4room.lv\/en\/wp-json\/wp\/v2\/product_cat?post=159344"},{"taxonomy":"product_tag","embeddable":true,"href":"https:\/\/4room.lv\/en\/wp-json\/wp\/v2\/product_tag?post=159344"}],"curies":[{"name":"wp","href":"https:\/\/api.w.org\/{rel}","templated":true}]}}