{"id":159418,"date":"2025-06-25T17:47:37","date_gmt":"2025-06-25T14:47:37","guid":{"rendered":"https:\/\/4room.lv\/?post_type=product&#038;p=159418"},"modified":"2026-03-13T11:00:31","modified_gmt":"2026-03-13T09:00:31","slug":"pic-wall-white-ip65","status":"publish","type":"product","link":"https:\/\/4room.lv\/en\/veikals\/apgaismojums\/dekorativais\/pic-wall-white-ip65\/","title":{"rendered":"Pic wall white IP65"},"content":{"rendered":"","protected":false},"excerpt":{"rendered":"<p>Balts Led sienas gaismeklis, ar augstu mitrumnotur\u012bbu lieto\u0161anai a\u0157\u012b \u0101r\u0101. Gaisma sp\u012bd gan uz aug\u0161u, gan uz leju.<\/p>\n","protected":false},"featured_media":159419,"template":"","meta":[],"product_cat":[127,150,147],"product_tag":[],"class_list":{"0":"post-159418","1":"product","2":"type-product","3":"status-publish","4":"has-post-thumbnail","6":"product_brand-ondaluce","7":"product_cat-apgaismojums","8":"product_cat-ara","9":"product_cat-dekorativais","11":"first","12":"instock","13":"sale","14":"shipping-taxable","15":"purchasable","16":"product-type-simple"},"_links":{"self":[{"href":"https:\/\/4room.lv\/en\/wp-json\/wp\/v2\/product\/159418","targetHints":{"allow":["GET"]}}],"collection":[{"href":"https:\/\/4room.lv\/en\/wp-json\/wp\/v2\/product"}],"about":[{"href":"https:\/\/4room.lv\/en\/wp-json\/wp\/v2\/types\/product"}],"wp:featuredmedia":[{"embeddable":true,"href":"https:\/\/4room.lv\/en\/wp-json\/wp\/v2\/media\/159419"}],"wp:attachment":[{"href":"https:\/\/4room.lv\/en\/wp-json\/wp\/v2\/media?parent=159418"}],"wp:term":[{"taxonomy":"product_cat","embeddable":true,"href":"https:\/\/4room.lv\/en\/wp-json\/wp\/v2\/product_cat?post=159418"},{"taxonomy":"product_tag","embeddable":true,"href":"https:\/\/4room.lv\/en\/wp-json\/wp\/v2\/product_tag?post=159418"}],"curies":[{"name":"wp","href":"https:\/\/api.w.org\/{rel}","templated":true}]}}