{"id":159496,"date":"2025-06-12T17:24:46","date_gmt":"2025-06-12T14:24:46","guid":{"rendered":"https:\/\/4room.lv\/?post_type=product&#038;p=159496"},"modified":"2026-03-13T11:00:32","modified_gmt":"2026-03-13T09:00:32","slug":"tablet-brown-ip44","status":"publish","type":"product","link":"https:\/\/4room.lv\/en\/veikals\/apgaismojums\/dekorativais\/tablet-brown-ip44\/","title":{"rendered":"Tablet brown IP44"},"content":{"rendered":"","protected":false},"excerpt":{"rendered":"<p>Musdien\u012bgs Led griestu\/sienas gaismeklis ar mitrumnotur\u012bbu. Lietojams vannasistab\u0101s, nojum\u0113s un teras\u0113s.<\/p>\n","protected":false},"featured_media":159497,"template":"","meta":[],"product_cat":[127,150,148,147],"product_tag":[],"class_list":{"0":"post-159496","1":"product","2":"type-product","3":"status-publish","4":"has-post-thumbnail","6":"product_brand-ondaluce","7":"product_cat-apgaismojums","8":"product_cat-ara","9":"product_cat-arhitekturalais","10":"product_cat-dekorativais","12":"first","13":"instock","14":"sale","15":"shipping-taxable","16":"purchasable","17":"product-type-simple"},"_links":{"self":[{"href":"https:\/\/4room.lv\/en\/wp-json\/wp\/v2\/product\/159496","targetHints":{"allow":["GET"]}}],"collection":[{"href":"https:\/\/4room.lv\/en\/wp-json\/wp\/v2\/product"}],"about":[{"href":"https:\/\/4room.lv\/en\/wp-json\/wp\/v2\/types\/product"}],"wp:featuredmedia":[{"embeddable":true,"href":"https:\/\/4room.lv\/en\/wp-json\/wp\/v2\/media\/159497"}],"wp:attachment":[{"href":"https:\/\/4room.lv\/en\/wp-json\/wp\/v2\/media?parent=159496"}],"wp:term":[{"taxonomy":"product_cat","embeddable":true,"href":"https:\/\/4room.lv\/en\/wp-json\/wp\/v2\/product_cat?post=159496"},{"taxonomy":"product_tag","embeddable":true,"href":"https:\/\/4room.lv\/en\/wp-json\/wp\/v2\/product_tag?post=159496"}],"curies":[{"name":"wp","href":"https:\/\/api.w.org\/{rel}","templated":true}]}}