{"id":159503,"date":"2025-06-12T17:36:36","date_gmt":"2025-06-12T14:36:36","guid":{"rendered":"https:\/\/4room.lv\/?post_type=product&#038;p=159503"},"modified":"2026-03-13T11:00:32","modified_gmt":"2026-03-13T09:00:32","slug":"sun-wall-led-black","status":"publish","type":"product","link":"https:\/\/4room.lv\/en\/veikals\/apgaismojums\/dekorativais\/sun-wall-led-black\/","title":{"rendered":"Sun wall Led black"},"content":{"rendered":"","protected":false},"excerpt":{"rendered":"<p>Sienas Led gaismeklis ar mitrumnotur\u012bbu, l\u012bdz ar to piem\u0113rots ne tikai iek\u0161telp\u0101m , bet ar\u012b \u0101ra sien\u0101m. Ar \u0161iem sienas gaismek\u013ciem pan\u0101ksiet \u013coti est\u0113tiski baud\u0101mu izgaismojumu.<\/p>\n<p>Pieejams ar\u012b balts un sudraboti pel\u0113ks.<\/p>\n","protected":false},"featured_media":159504,"template":"","meta":[],"product_cat":[127,150,148,147],"product_tag":[],"class_list":{"0":"post-159503","1":"product","2":"type-product","3":"status-publish","4":"has-post-thumbnail","6":"product_brand-ondaluce","7":"product_cat-apgaismojums","8":"product_cat-ara","9":"product_cat-arhitekturalais","10":"product_cat-dekorativais","12":"first","13":"instock","14":"sale","15":"shipping-taxable","16":"purchasable","17":"product-type-simple","18":"hongo-alternate-image-wrap"},"_links":{"self":[{"href":"https:\/\/4room.lv\/en\/wp-json\/wp\/v2\/product\/159503","targetHints":{"allow":["GET"]}}],"collection":[{"href":"https:\/\/4room.lv\/en\/wp-json\/wp\/v2\/product"}],"about":[{"href":"https:\/\/4room.lv\/en\/wp-json\/wp\/v2\/types\/product"}],"wp:featuredmedia":[{"embeddable":true,"href":"https:\/\/4room.lv\/en\/wp-json\/wp\/v2\/media\/159504"}],"wp:attachment":[{"href":"https:\/\/4room.lv\/en\/wp-json\/wp\/v2\/media?parent=159503"}],"wp:term":[{"taxonomy":"product_cat","embeddable":true,"href":"https:\/\/4room.lv\/en\/wp-json\/wp\/v2\/product_cat?post=159503"},{"taxonomy":"product_tag","embeddable":true,"href":"https:\/\/4room.lv\/en\/wp-json\/wp\/v2\/product_tag?post=159503"}],"curies":[{"name":"wp","href":"https:\/\/api.w.org\/{rel}","templated":true}]}}