{"id":159523,"date":"2025-06-13T17:10:38","date_gmt":"2025-06-13T14:10:38","guid":{"rendered":"https:\/\/4room.lv\/?post_type=product&#038;p=159523"},"modified":"2025-06-13T17:10:38","modified_gmt":"2025-06-13T14:10:38","slug":"mali-black","status":"publish","type":"product","link":"https:\/\/4room.lv\/en\/veikals\/apgaismojums\/dekorativais\/mali-black\/","title":{"rendered":"Mali black"},"content":{"rendered":"","protected":false},"excerpt":{"rendered":"<p>Stil\u012bgs iek\u0101rts Led gaismeklis ar melnu met\u0101la r\u0101mi un baltiem stikal kupoliem. Gaismeklism ir dim\u0113jams Led. Lielisks dekoarat\u012bvs un labi izgaismojo\u0161s risin\u0101jums virs galda vai letes.<\/p>\n","protected":false},"featured_media":159524,"template":"","meta":[],"product_cat":[127,147],"product_tag":[],"class_list":{"0":"post-159523","1":"product","2":"type-product","3":"status-publish","4":"has-post-thumbnail","6":"product_brand-ondaluce","7":"product_cat-apgaismojums","8":"product_cat-dekorativais","10":"first","11":"instock","12":"sale","13":"shipping-taxable","14":"purchasable","15":"product-type-simple","16":"hongo-alternate-image-wrap"},"_links":{"self":[{"href":"https:\/\/4room.lv\/en\/wp-json\/wp\/v2\/product\/159523","targetHints":{"allow":["GET"]}}],"collection":[{"href":"https:\/\/4room.lv\/en\/wp-json\/wp\/v2\/product"}],"about":[{"href":"https:\/\/4room.lv\/en\/wp-json\/wp\/v2\/types\/product"}],"wp:featuredmedia":[{"embeddable":true,"href":"https:\/\/4room.lv\/en\/wp-json\/wp\/v2\/media\/159524"}],"wp:attachment":[{"href":"https:\/\/4room.lv\/en\/wp-json\/wp\/v2\/media?parent=159523"}],"wp:term":[{"taxonomy":"product_cat","embeddable":true,"href":"https:\/\/4room.lv\/en\/wp-json\/wp\/v2\/product_cat?post=159523"},{"taxonomy":"product_tag","embeddable":true,"href":"https:\/\/4room.lv\/en\/wp-json\/wp\/v2\/product_tag?post=159523"}],"curies":[{"name":"wp","href":"https:\/\/api.w.org\/{rel}","templated":true}]}}