{"id":159554,"date":"2025-06-13T17:46:24","date_gmt":"2025-06-13T14:46:24","guid":{"rendered":"https:\/\/4room.lv\/?post_type=product&#038;p=159554"},"modified":"2025-06-13T17:46:24","modified_gmt":"2025-06-13T14:46:24","slug":"candy-wall-transparent","status":"publish","type":"product","link":"https:\/\/4room.lv\/en\/veikals\/apgaismojums\/dekorativais\/candy-wall-transparent\/","title":{"rendered":"Candy wall transparent"},"content":{"rendered":"","protected":false},"excerpt":{"rendered":"<p>Dekorat\u012bvs sienas Led gaismeklis no caursp\u012bd\u012bga stikla cukurot\u0101 teks\u016br\u0101, kas [a vidu ir zelt\u012bta metala deta\u013ca. Led izgaismojas pa perimetru, l\u012bdz ar to radot ambientu apgaismojumu viegli izgaismojoties stiklam, k\u0101 ar\u012b viegli kr\u012btot gaismai pret sienu.<\/p>\n","protected":false},"featured_media":159555,"template":"","meta":[],"product_cat":[127,147],"product_tag":[],"class_list":{"0":"post-159554","1":"product","2":"type-product","3":"status-publish","4":"has-post-thumbnail","6":"product_brand-ondaluce","7":"product_cat-apgaismojums","8":"product_cat-dekorativais","10":"first","11":"instock","12":"sale","13":"shipping-taxable","14":"purchasable","15":"product-type-simple","16":"hongo-alternate-image-wrap"},"_links":{"self":[{"href":"https:\/\/4room.lv\/en\/wp-json\/wp\/v2\/product\/159554","targetHints":{"allow":["GET"]}}],"collection":[{"href":"https:\/\/4room.lv\/en\/wp-json\/wp\/v2\/product"}],"about":[{"href":"https:\/\/4room.lv\/en\/wp-json\/wp\/v2\/types\/product"}],"wp:featuredmedia":[{"embeddable":true,"href":"https:\/\/4room.lv\/en\/wp-json\/wp\/v2\/media\/159555"}],"wp:attachment":[{"href":"https:\/\/4room.lv\/en\/wp-json\/wp\/v2\/media?parent=159554"}],"wp:term":[{"taxonomy":"product_cat","embeddable":true,"href":"https:\/\/4room.lv\/en\/wp-json\/wp\/v2\/product_cat?post=159554"},{"taxonomy":"product_tag","embeddable":true,"href":"https:\/\/4room.lv\/en\/wp-json\/wp\/v2\/product_tag?post=159554"}],"curies":[{"name":"wp","href":"https:\/\/api.w.org\/{rel}","templated":true}]}}