{"id":159567,"date":"2025-06-13T17:57:25","date_gmt":"2025-06-13T14:57:25","guid":{"rendered":"https:\/\/4room.lv\/?post_type=product&#038;p=159567"},"modified":"2025-06-13T17:57:26","modified_gmt":"2025-06-13T14:57:26","slug":"candy-rg-6","status":"publish","type":"product","link":"https:\/\/4room.lv\/en\/veikals\/apgaismojums\/dekorativais\/candy-rg-6\/","title":{"rendered":"Candy RG  6"},"content":{"rendered":"","protected":false},"excerpt":{"rendered":"<p>Skaists m\u016bsdien\u012bgs Led gaismeklis, kas sast\u0101v no 6 br\u012bvi izvietojamiem stikla pendantiem daz\u0101dos to\u0146os. Stikls ir ar cukurotu tekst\u016bru un kombin\u0113j\u0101s caursp\u012bd\u012bgi, za\u013ci, dzintara un roz\u0101 to\u0146i. B\u0101ze ir zelt\u012bt\u0101 met\u0101l\u0101. Led gaismeklis ir dim\u0113jams.<\/p>\n","protected":false},"featured_media":159574,"template":"","meta":[],"product_cat":[127,147],"product_tag":[],"class_list":{"0":"post-159567","1":"product","2":"type-product","3":"status-publish","4":"has-post-thumbnail","6":"product_brand-ondaluce","7":"product_cat-apgaismojums","8":"product_cat-dekorativais","10":"first","11":"instock","12":"sale","13":"shipping-taxable","14":"purchasable","15":"product-type-simple","16":"hongo-alternate-image-wrap"},"_links":{"self":[{"href":"https:\/\/4room.lv\/en\/wp-json\/wp\/v2\/product\/159567","targetHints":{"allow":["GET"]}}],"collection":[{"href":"https:\/\/4room.lv\/en\/wp-json\/wp\/v2\/product"}],"about":[{"href":"https:\/\/4room.lv\/en\/wp-json\/wp\/v2\/types\/product"}],"wp:featuredmedia":[{"embeddable":true,"href":"https:\/\/4room.lv\/en\/wp-json\/wp\/v2\/media\/159574"}],"wp:attachment":[{"href":"https:\/\/4room.lv\/en\/wp-json\/wp\/v2\/media?parent=159567"}],"wp:term":[{"taxonomy":"product_cat","embeddable":true,"href":"https:\/\/4room.lv\/en\/wp-json\/wp\/v2\/product_cat?post=159567"},{"taxonomy":"product_tag","embeddable":true,"href":"https:\/\/4room.lv\/en\/wp-json\/wp\/v2\/product_tag?post=159567"}],"curies":[{"name":"wp","href":"https:\/\/api.w.org\/{rel}","templated":true}]}}