{"id":159605,"date":"2025-06-12T17:45:17","date_gmt":"2025-06-12T14:45:17","guid":{"rendered":"https:\/\/4room.lv\/?post_type=product&#038;p=159605"},"modified":"2025-12-28T19:18:58","modified_gmt":"2025-12-28T17:18:58","slug":"carpet-liv-170x240-sea-blue","status":"publish","type":"product","link":"https:\/\/4room.lv\/en\/veikals\/interjeram\/paklaji\/carpet-liv-170x240-sea-blue\/","title":{"rendered":"Carpet Liv 200&#215;300 Sea Blue"},"content":{"rendered":"","protected":false},"excerpt":{"rendered":"<p>Skaists austs vilnas pakl\u0101js uz kokvilnas auklas b\u0101zes. Ar neuzb\u0101z\u012bgu rakstu, pel\u0113c\u012bgi zilpel\u0113kos to\u0146os ar b\u0101rksti\u0146\u0101m.<\/p>\n","protected":false},"featured_media":159606,"template":"","meta":[],"product_cat":[130,133],"product_tag":[],"class_list":{"0":"post-159605","1":"product","2":"type-product","3":"status-publish","4":"has-post-thumbnail","6":"product_brand-dutch-bone","7":"product_brand-white-label-living","8":"product_brand-zuiver","9":"product_cat-interjeram","10":"product_cat-paklaji","12":"first","13":"instock","14":"shipping-taxable","15":"purchasable","16":"product-type-simple","17":"hongo-alternate-image-wrap"},"_links":{"self":[{"href":"https:\/\/4room.lv\/en\/wp-json\/wp\/v2\/product\/159605","targetHints":{"allow":["GET"]}}],"collection":[{"href":"https:\/\/4room.lv\/en\/wp-json\/wp\/v2\/product"}],"about":[{"href":"https:\/\/4room.lv\/en\/wp-json\/wp\/v2\/types\/product"}],"wp:featuredmedia":[{"embeddable":true,"href":"https:\/\/4room.lv\/en\/wp-json\/wp\/v2\/media\/159606"}],"wp:attachment":[{"href":"https:\/\/4room.lv\/en\/wp-json\/wp\/v2\/media?parent=159605"}],"wp:term":[{"taxonomy":"product_cat","embeddable":true,"href":"https:\/\/4room.lv\/en\/wp-json\/wp\/v2\/product_cat?post=159605"},{"taxonomy":"product_tag","embeddable":true,"href":"https:\/\/4room.lv\/en\/wp-json\/wp\/v2\/product_tag?post=159605"}],"curies":[{"name":"wp","href":"https:\/\/api.w.org\/{rel}","templated":true}]}}