{"id":159634,"date":"2025-06-17T12:34:04","date_gmt":"2025-06-17T09:34:04","guid":{"rendered":"https:\/\/4room.lv\/?post_type=product&#038;p=159634"},"modified":"2025-12-28T19:18:58","modified_gmt":"2025-12-28T17:18:58","slug":"pendant-lamp-meezan-black-m","status":"publish","type":"product","link":"https:\/\/4room.lv\/en\/veikals\/apgaismojums\/dekorativais\/pendant-lamp-meezan-black-m\/","title":{"rendered":"Pendant Lamp Meezan Black M"},"content":{"rendered":"","protected":false},"excerpt":{"rendered":"<p>Interesanta dizana iekarin\u0101ms gaismeklis no melna met\u0101la stieples aba\u017e\u016bra, meln\u0101 \u0137\u0113d\u0113. Gaismeklim nepiecie\u0161ama 1xE27 spuldze, kuru variet izvel\u0113ties p\u0113c ieskatiem, bet \u013coti skaistu efektu rada retro tipa spuldze k\u0101 att\u0113l\u0101.<\/p>\n","protected":false},"featured_media":159635,"template":"","meta":[],"product_cat":[127,147],"product_tag":[],"class_list":{"0":"post-159634","1":"product","2":"type-product","3":"status-publish","4":"has-post-thumbnail","6":"product_brand-dutch-bone","7":"product_brand-white-label-living","8":"product_brand-zuiver","9":"product_cat-apgaismojums","10":"product_cat-dekorativais","12":"first","13":"instock","14":"shipping-taxable","15":"purchasable","16":"product-type-simple","17":"hongo-alternate-image-wrap"},"_links":{"self":[{"href":"https:\/\/4room.lv\/en\/wp-json\/wp\/v2\/product\/159634","targetHints":{"allow":["GET"]}}],"collection":[{"href":"https:\/\/4room.lv\/en\/wp-json\/wp\/v2\/product"}],"about":[{"href":"https:\/\/4room.lv\/en\/wp-json\/wp\/v2\/types\/product"}],"wp:featuredmedia":[{"embeddable":true,"href":"https:\/\/4room.lv\/en\/wp-json\/wp\/v2\/media\/159635"}],"wp:attachment":[{"href":"https:\/\/4room.lv\/en\/wp-json\/wp\/v2\/media?parent=159634"}],"wp:term":[{"taxonomy":"product_cat","embeddable":true,"href":"https:\/\/4room.lv\/en\/wp-json\/wp\/v2\/product_cat?post=159634"},{"taxonomy":"product_tag","embeddable":true,"href":"https:\/\/4room.lv\/en\/wp-json\/wp\/v2\/product_tag?post=159634"}],"curies":[{"name":"wp","href":"https:\/\/api.w.org\/{rel}","templated":true}]}}