{"id":159647,"date":"2025-06-17T12:39:41","date_gmt":"2025-06-17T09:39:41","guid":{"rendered":"https:\/\/4room.lv\/?post_type=product&#038;p=159647"},"modified":"2025-12-28T19:18:58","modified_gmt":"2025-12-28T17:18:58","slug":"wall-rack-mirror-duco","status":"publish","type":"product","link":"https:\/\/4room.lv\/en\/veikals\/interjeram\/spoguli\/wall-rack-mirror-duco\/","title":{"rendered":"Wall Rack Mirror Duco"},"content":{"rendered":"","protected":false},"excerpt":{"rendered":"<p>Lielisks risin\u0101jums priek\u0161namam, kur spogulis, pakaramais un plaukts ir viss vien\u0101. NO melna mat\u0113ta metala, minim\u0101listisk\u0101 dizain\u0101.<\/p>\n","protected":false},"featured_media":159648,"template":"","meta":[],"product_cat":[130,140,134,129,143],"product_tag":[],"class_list":{"0":"post-159647","1":"product","2":"type-product","3":"status-publish","4":"has-post-thumbnail","6":"product_brand-dutch-bone","7":"product_brand-white-label-living","8":"product_brand-zuiver","9":"product_cat-interjeram","10":"product_cat-drebju-pakaramie","11":"product_cat-spoguli","12":"product_cat-mebeles","13":"product_cat-plaukti-un-skapji","15":"first","16":"instock","17":"shipping-taxable","18":"purchasable","19":"product-type-simple","20":"hongo-alternate-image-wrap"},"_links":{"self":[{"href":"https:\/\/4room.lv\/en\/wp-json\/wp\/v2\/product\/159647","targetHints":{"allow":["GET"]}}],"collection":[{"href":"https:\/\/4room.lv\/en\/wp-json\/wp\/v2\/product"}],"about":[{"href":"https:\/\/4room.lv\/en\/wp-json\/wp\/v2\/types\/product"}],"wp:featuredmedia":[{"embeddable":true,"href":"https:\/\/4room.lv\/en\/wp-json\/wp\/v2\/media\/159648"}],"wp:attachment":[{"href":"https:\/\/4room.lv\/en\/wp-json\/wp\/v2\/media?parent=159647"}],"wp:term":[{"taxonomy":"product_cat","embeddable":true,"href":"https:\/\/4room.lv\/en\/wp-json\/wp\/v2\/product_cat?post=159647"},{"taxonomy":"product_tag","embeddable":true,"href":"https:\/\/4room.lv\/en\/wp-json\/wp\/v2\/product_tag?post=159647"}],"curies":[{"name":"wp","href":"https:\/\/api.w.org\/{rel}","templated":true}]}}