{"id":159732,"date":"2025-06-17T16:26:19","date_gmt":"2025-06-17T13:26:19","guid":{"rendered":"https:\/\/4room.lv\/?post_type=product&#038;p=159732"},"modified":"2025-06-17T16:26:19","modified_gmt":"2025-06-17T13:26:19","slug":"pendant-lamp-marmo-ekspozicijas-modelis","status":"publish","type":"product","link":"https:\/\/4room.lv\/en\/veikals\/apgaismojums\/dekorativais\/pendant-lamp-marmo-ekspozicijas-modelis\/","title":{"rendered":"Pendant lamp Marmo (ekspoz\u012bcijas modelis)"},"content":{"rendered":"","protected":false},"excerpt":{"rendered":"<p>Elegants un dizain\u0101 aktu\u0101ls gaismeklis ar dab\u012bga alabastera diskiem \u0123eometrisk\u0101 misi\u0146\u0101 r\u0101m\u012b. Gaismeklim ir iesp\u0113j nedaudz kori\u0123\u0113t augstumu, jo tam ir iesp\u0113ja iz\u0146emt vienu no stie\u0146iem, lai pa\u012bsin\u0101tu augstumu. Gaismeklim nepiecie\u0161amas 6xE14 spuldzes, kuras variet izvel\u0113ties p\u0113c ieskatiem.<\/p>\n<p>Gaismeklis ir ekspoz\u012bcij\u0101 vien\u0101 eksempl\u0101r\u0101.<\/p>\n","protected":false},"featured_media":159733,"template":"","meta":[],"product_cat":[127,147],"product_tag":[],"class_list":{"0":"post-159732","1":"product","2":"type-product","3":"status-publish","4":"has-post-thumbnail","6":"product_brand-maytoni","7":"product_cat-apgaismojums","8":"product_cat-dekorativais","10":"first","11":"instock","12":"sale","13":"shipping-taxable","14":"purchasable","15":"product-type-simple","16":"hongo-alternate-image-wrap"},"_links":{"self":[{"href":"https:\/\/4room.lv\/en\/wp-json\/wp\/v2\/product\/159732","targetHints":{"allow":["GET"]}}],"collection":[{"href":"https:\/\/4room.lv\/en\/wp-json\/wp\/v2\/product"}],"about":[{"href":"https:\/\/4room.lv\/en\/wp-json\/wp\/v2\/types\/product"}],"wp:featuredmedia":[{"embeddable":true,"href":"https:\/\/4room.lv\/en\/wp-json\/wp\/v2\/media\/159733"}],"wp:attachment":[{"href":"https:\/\/4room.lv\/en\/wp-json\/wp\/v2\/media?parent=159732"}],"wp:term":[{"taxonomy":"product_cat","embeddable":true,"href":"https:\/\/4room.lv\/en\/wp-json\/wp\/v2\/product_cat?post=159732"},{"taxonomy":"product_tag","embeddable":true,"href":"https:\/\/4room.lv\/en\/wp-json\/wp\/v2\/product_tag?post=159732"}],"curies":[{"name":"wp","href":"https:\/\/api.w.org\/{rel}","templated":true}]}}