{"id":159858,"date":"2025-06-29T13:24:53","date_gmt":"2025-06-29T10:24:53","guid":{"rendered":"https:\/\/4room.lv\/?post_type=product&#038;p=159858"},"modified":"2025-06-29T13:26:56","modified_gmt":"2025-06-29T10:26:56","slug":"mikado-wall","status":"publish","type":"product","link":"https:\/\/4room.lv\/en\/veikals\/apgaismojums\/dekorativais\/mikado-wall\/","title":{"rendered":"Mikado wall"},"content":{"rendered":"","protected":false},"excerpt":{"rendered":"<p>Dekorat\u012bvs sienas gaismeklis, kas aizpild\u012bs sienu k\u0101 dekora elements un dos gaismu uz telpu. Uz melniem met\u0101la zariem izvietoti 4 dubulta stikla kupoli. Iek\u0161\u0113jais kupols ir balta stikla, maig\u0101kai gaismai, ko ieskauj caursp\u012bd\u012bgs kupols, dekorat\u012bvam efektam.<\/p>\n<p>Gaismeklim nepiecie\u0161amas 4gab G9 spuldzes.<\/p>\n","protected":false},"featured_media":159859,"template":"","meta":[],"product_cat":[127,147],"product_tag":[],"class_list":{"0":"post-159858","1":"product","2":"type-product","3":"status-publish","4":"has-post-thumbnail","6":"product_brand-miloox","7":"product_cat-apgaismojums","8":"product_cat-dekorativais","10":"first","11":"instock","12":"sale","13":"shipping-taxable","14":"purchasable","15":"product-type-simple"},"_links":{"self":[{"href":"https:\/\/4room.lv\/en\/wp-json\/wp\/v2\/product\/159858","targetHints":{"allow":["GET"]}}],"collection":[{"href":"https:\/\/4room.lv\/en\/wp-json\/wp\/v2\/product"}],"about":[{"href":"https:\/\/4room.lv\/en\/wp-json\/wp\/v2\/types\/product"}],"wp:featuredmedia":[{"embeddable":true,"href":"https:\/\/4room.lv\/en\/wp-json\/wp\/v2\/media\/159859"}],"wp:attachment":[{"href":"https:\/\/4room.lv\/en\/wp-json\/wp\/v2\/media?parent=159858"}],"wp:term":[{"taxonomy":"product_cat","embeddable":true,"href":"https:\/\/4room.lv\/en\/wp-json\/wp\/v2\/product_cat?post=159858"},{"taxonomy":"product_tag","embeddable":true,"href":"https:\/\/4room.lv\/en\/wp-json\/wp\/v2\/product_tag?post=159858"}],"curies":[{"name":"wp","href":"https:\/\/api.w.org\/{rel}","templated":true}]}}