{"id":159875,"date":"2025-06-29T14:32:03","date_gmt":"2025-06-29T11:32:03","guid":{"rendered":"https:\/\/4room.lv\/?post_type=product&#038;p=159875"},"modified":"2025-06-29T14:32:03","modified_gmt":"2025-06-29T11:32:03","slug":"daisen-ceiling","status":"publish","type":"product","link":"https:\/\/4room.lv\/en\/veikals\/apgaismojums\/dekorativais\/daisen-ceiling\/","title":{"rendered":"Daisen ceiling"},"content":{"rendered":"","protected":false},"excerpt":{"rendered":"<p>Retro stila griestu gaismeklis ar regul\u0113jamiem posmiem. B\u016bs labs variants gan k\u0101 dekorat\u012bvs elements, gan k\u0101 praktisks darba apgaismojums. Gaismeklim nepiecie\u0161ama E27 spuldze, kuru variet izvel\u0113ties p\u0113c saviem ieskatiem.<\/p>\n","protected":false},"featured_media":159882,"template":"","meta":[],"product_cat":[127,147],"product_tag":[],"class_list":{"0":"post-159875","1":"product","2":"type-product","3":"status-publish","4":"has-post-thumbnail","6":"product_brand-shilo","7":"product_cat-apgaismojums","8":"product_cat-dekorativais","10":"first","11":"instock","12":"sale","13":"shipping-taxable","14":"purchasable","15":"product-type-simple"},"_links":{"self":[{"href":"https:\/\/4room.lv\/en\/wp-json\/wp\/v2\/product\/159875","targetHints":{"allow":["GET"]}}],"collection":[{"href":"https:\/\/4room.lv\/en\/wp-json\/wp\/v2\/product"}],"about":[{"href":"https:\/\/4room.lv\/en\/wp-json\/wp\/v2\/types\/product"}],"wp:featuredmedia":[{"embeddable":true,"href":"https:\/\/4room.lv\/en\/wp-json\/wp\/v2\/media\/159882"}],"wp:attachment":[{"href":"https:\/\/4room.lv\/en\/wp-json\/wp\/v2\/media?parent=159875"}],"wp:term":[{"taxonomy":"product_cat","embeddable":true,"href":"https:\/\/4room.lv\/en\/wp-json\/wp\/v2\/product_cat?post=159875"},{"taxonomy":"product_tag","embeddable":true,"href":"https:\/\/4room.lv\/en\/wp-json\/wp\/v2\/product_tag?post=159875"}],"curies":[{"name":"wp","href":"https:\/\/api.w.org\/{rel}","templated":true}]}}