{"id":159968,"date":"2025-06-29T16:22:28","date_gmt":"2025-06-29T13:22:28","guid":{"rendered":"https:\/\/4room.lv\/?post_type=product&#038;p=159968"},"modified":"2025-12-28T19:18:57","modified_gmt":"2025-12-28T17:18:57","slug":"coffee-table-timpa-marble-green","status":"publish","type":"product","link":"https:\/\/4room.lv\/en\/veikals\/mebeles\/galdi\/coffee-table-timpa-marble-green\/","title":{"rendered":"Coffee Table Timpa Marble Green"},"content":{"rendered":"","protected":false},"excerpt":{"rendered":"<p>Elegants kafijas galdi\u0146\u0161 ar za\u013c\u0101 marmora virsmu uz zelta k\u0101j\u0101m. Minim\u0101listisks sav\u0101 uzb\u016bv\u0113, bet grezns to\u0146os un materi\u0101los, tas ieder\u0113sies k\u0101 klasiskos, t\u0101 modernos interjeros.<\/p>\n","protected":false},"featured_media":159969,"template":"","meta":[],"product_cat":[129,142],"product_tag":[],"class_list":{"0":"post-159968","1":"product","2":"type-product","3":"status-publish","4":"has-post-thumbnail","6":"product_brand-dutch-bone","7":"product_brand-white-label-living","8":"product_brand-zuiver","9":"product_cat-mebeles","10":"product_cat-galdi","12":"first","13":"instock","14":"shipping-taxable","15":"purchasable","16":"product-type-simple","17":"hongo-alternate-image-wrap"},"_links":{"self":[{"href":"https:\/\/4room.lv\/en\/wp-json\/wp\/v2\/product\/159968","targetHints":{"allow":["GET"]}}],"collection":[{"href":"https:\/\/4room.lv\/en\/wp-json\/wp\/v2\/product"}],"about":[{"href":"https:\/\/4room.lv\/en\/wp-json\/wp\/v2\/types\/product"}],"wp:featuredmedia":[{"embeddable":true,"href":"https:\/\/4room.lv\/en\/wp-json\/wp\/v2\/media\/159969"}],"wp:attachment":[{"href":"https:\/\/4room.lv\/en\/wp-json\/wp\/v2\/media?parent=159968"}],"wp:term":[{"taxonomy":"product_cat","embeddable":true,"href":"https:\/\/4room.lv\/en\/wp-json\/wp\/v2\/product_cat?post=159968"},{"taxonomy":"product_tag","embeddable":true,"href":"https:\/\/4room.lv\/en\/wp-json\/wp\/v2\/product_tag?post=159968"}],"curies":[{"name":"wp","href":"https:\/\/api.w.org\/{rel}","templated":true}]}}