{"id":159981,"date":"2025-06-29T16:43:36","date_gmt":"2025-06-29T13:43:36","guid":{"rendered":"https:\/\/4room.lv\/?post_type=product&#038;p=159981"},"modified":"2025-12-28T19:18:57","modified_gmt":"2025-12-28T17:18:57","slug":"floor-lamp-float","status":"publish","type":"product","link":"https:\/\/4room.lv\/en\/veikals\/apgaismojums\/dekorativais\/floor-lamp-float\/","title":{"rendered":"Floor lamp Float"},"content":{"rendered":"","protected":false},"excerpt":{"rendered":"<p>Eleganta, gais\u012bga, m\u016bsdien\u012bga un kompakta. T\u0101da ir st\u0101vlampa Float. Skaists d\u016bmakaina stikla kupols un zelt\u012bta met\u0101la k\u0101ja veido skaistu kopt\u0113lu.\u00a0 Lampai ir integr\u0113ts 8W Led ar siltu gaismu, dim\u0113jama ar sl\u0113dzi uz vada.<\/p>\n","protected":false},"featured_media":159982,"template":"","meta":[],"product_cat":[127,147],"product_tag":[],"class_list":{"0":"post-159981","1":"product","2":"type-product","3":"status-publish","4":"has-post-thumbnail","6":"product_brand-dutch-bone","7":"product_brand-white-label-living","8":"product_brand-zuiver","9":"product_cat-apgaismojums","10":"product_cat-dekorativais","12":"first","13":"instock","14":"shipping-taxable","15":"purchasable","16":"product-type-simple","17":"hongo-alternate-image-wrap"},"_links":{"self":[{"href":"https:\/\/4room.lv\/en\/wp-json\/wp\/v2\/product\/159981","targetHints":{"allow":["GET"]}}],"collection":[{"href":"https:\/\/4room.lv\/en\/wp-json\/wp\/v2\/product"}],"about":[{"href":"https:\/\/4room.lv\/en\/wp-json\/wp\/v2\/types\/product"}],"wp:featuredmedia":[{"embeddable":true,"href":"https:\/\/4room.lv\/en\/wp-json\/wp\/v2\/media\/159982"}],"wp:attachment":[{"href":"https:\/\/4room.lv\/en\/wp-json\/wp\/v2\/media?parent=159981"}],"wp:term":[{"taxonomy":"product_cat","embeddable":true,"href":"https:\/\/4room.lv\/en\/wp-json\/wp\/v2\/product_cat?post=159981"},{"taxonomy":"product_tag","embeddable":true,"href":"https:\/\/4room.lv\/en\/wp-json\/wp\/v2\/product_tag?post=159981"}],"curies":[{"name":"wp","href":"https:\/\/api.w.org\/{rel}","templated":true}]}}