{"id":159997,"date":"2025-06-28T16:50:16","date_gmt":"2025-06-28T13:50:16","guid":{"rendered":"https:\/\/4room.lv\/?post_type=product&#038;p=159997"},"modified":"2025-12-28T19:18:57","modified_gmt":"2025-12-28T17:18:57","slug":"desk-lamp-todd-green","status":"publish","type":"product","link":"https:\/\/4room.lv\/en\/veikals\/apgaismojums\/dekorativais\/desk-lamp-todd-green\/","title":{"rendered":"Desk Lamp Todd Green"},"content":{"rendered":"","protected":false},"excerpt":{"rendered":"<p>Vint\u0101\u017eas stila galda lampa, kas izskat\u0101s glu\u017ei k\u0101 no antikvari\u0101ta! Skaists misi\u0146a k\u0101ts, tum\u0161i za\u013c\u0161 apa\u013c\u0161 dzelzs kupols, un pat skaistais v\u012btais elektr\u012bbas vads kop\u0101 rada elegantu un maj\u012bgu gaismekli.<\/p>\n","protected":false},"featured_media":159998,"template":"","meta":[],"product_cat":[1058,127,147],"product_tag":[],"class_list":{"0":"post-159997","1":"product","2":"type-product","3":"status-publish","4":"has-post-thumbnail","6":"product_brand-dutch-bone","7":"product_brand-white-label-living","8":"product_brand-zuiver","9":"product_cat-dizaina","10":"product_cat-apgaismojums","11":"product_cat-dekorativais","13":"first","14":"instock","15":"shipping-taxable","16":"purchasable","17":"product-type-simple","18":"hongo-alternate-image-wrap"},"_links":{"self":[{"href":"https:\/\/4room.lv\/en\/wp-json\/wp\/v2\/product\/159997","targetHints":{"allow":["GET"]}}],"collection":[{"href":"https:\/\/4room.lv\/en\/wp-json\/wp\/v2\/product"}],"about":[{"href":"https:\/\/4room.lv\/en\/wp-json\/wp\/v2\/types\/product"}],"wp:featuredmedia":[{"embeddable":true,"href":"https:\/\/4room.lv\/en\/wp-json\/wp\/v2\/media\/159998"}],"wp:attachment":[{"href":"https:\/\/4room.lv\/en\/wp-json\/wp\/v2\/media?parent=159997"}],"wp:term":[{"taxonomy":"product_cat","embeddable":true,"href":"https:\/\/4room.lv\/en\/wp-json\/wp\/v2\/product_cat?post=159997"},{"taxonomy":"product_tag","embeddable":true,"href":"https:\/\/4room.lv\/en\/wp-json\/wp\/v2\/product_tag?post=159997"}],"curies":[{"name":"wp","href":"https:\/\/api.w.org\/{rel}","templated":true}]}}