{"id":160042,"date":"2025-06-30T11:22:24","date_gmt":"2025-06-30T08:22:24","guid":{"rendered":"https:\/\/4room.lv\/?post_type=product&#038;p=160042"},"modified":"2025-06-30T11:22:24","modified_gmt":"2025-06-30T08:22:24","slug":"thin-cylinder-ceiling-o800mm-cotton-cream","status":"publish","type":"product","link":"https:\/\/4room.lv\/en\/veikals\/apgaismojums\/dekorativais\/thin-cylinder-ceiling-o800mm-cotton-cream\/","title":{"rendered":"THIN CYLINDER CEILING \u00f8800mm cotton cream"},"content":{"rendered":"","protected":false},"excerpt":{"rendered":"<p>Roku darbs no 4ROOM, kur uzman\u012bba piev\u0113rsta katrai deta\u013cai un izmantoti augstv\u0113rt\u012bgi materi\u0101li. Gaismeklim ir neitrals kr\u0113mkr\u0101sas abaz\u016brs no kokvilnas auduma, kas nedzelt\u0113 un nebal\u0113. Apgaismojums ir Led, kas dim\u0113jas. Liels pluss ir tas, ka \u0161iem gaismek\u013ciem ir viegli nomain\u012bt gan abaz\u016bru, piem\u0113ram ja main\u0101s interjers un velaties citu toni, k\u0101 a\u0157\u012b main\u0101ms ir Led modulis. Padarot gaismekli par lietojamu ilgus gadus, nesatraucoties par t\u0101 nomai\u0146u.<\/p>\n<p>Gaismeklis ra\u017eots p\u0113c pas\u016bt\u012bjuma, l\u012bdz ar to pieejams ar\u012b citos izm\u0113ros un ar da\u017e\u0101dam apdar\u0113m. Paraugus variet apskat\u012bt m\u016bsu salon\u0101.<\/p>\n","protected":false},"featured_media":160043,"template":"","meta":[],"product_cat":[1058,127,148,147],"product_tag":[],"class_list":{"0":"post-160042","1":"product","2":"type-product","3":"status-publish","4":"has-post-thumbnail","6":"product_brand-4room","7":"product_cat-dizaina","8":"product_cat-apgaismojums","9":"product_cat-arhitekturalais","10":"product_cat-dekorativais","12":"first","13":"instock","14":"sale","15":"shipping-taxable","16":"purchasable","17":"product-type-simple","18":"hongo-alternate-image-wrap"},"_links":{"self":[{"href":"https:\/\/4room.lv\/en\/wp-json\/wp\/v2\/product\/160042","targetHints":{"allow":["GET"]}}],"collection":[{"href":"https:\/\/4room.lv\/en\/wp-json\/wp\/v2\/product"}],"about":[{"href":"https:\/\/4room.lv\/en\/wp-json\/wp\/v2\/types\/product"}],"wp:featuredmedia":[{"embeddable":true,"href":"https:\/\/4room.lv\/en\/wp-json\/wp\/v2\/media\/160043"}],"wp:attachment":[{"href":"https:\/\/4room.lv\/en\/wp-json\/wp\/v2\/media?parent=160042"}],"wp:term":[{"taxonomy":"product_cat","embeddable":true,"href":"https:\/\/4room.lv\/en\/wp-json\/wp\/v2\/product_cat?post=160042"},{"taxonomy":"product_tag","embeddable":true,"href":"https:\/\/4room.lv\/en\/wp-json\/wp\/v2\/product_tag?post=160042"}],"curies":[{"name":"wp","href":"https:\/\/api.w.org\/{rel}","templated":true}]}}