{"id":160129,"date":"2025-07-27T15:22:49","date_gmt":"2025-07-27T12:22:49","guid":{"rendered":"https:\/\/4room.lv\/?post_type=product&#038;p=160129"},"modified":"2025-12-28T19:18:57","modified_gmt":"2025-12-28T17:18:57","slug":"cabinet-travis-black-oak","status":"publish","type":"product","link":"https:\/\/4room.lv\/en\/veikals\/mebeles\/plaukti-un-skapji\/cabinet-travis-black-oak\/","title":{"rendered":"Cabinet Travis Black Oak"},"content":{"rendered":"","protected":false},"excerpt":{"rendered":"<p>Travis s\u0113rija izce\u013cas ar m\u016bsdien\u012bgu eleganci, minim\u0101lu, bet efekt\u012bgu diainu un augstu funkcionalit\u0101ti. \u0160is plaukts b\u016bs izcils j\u016bsu m\u0101jas b\u0101ra ier\u012bko\u0161anai. Katra pudele tikai papildin\u0101s dizainu un aiz stikla durti\u0146\u0101m var \u0113rti savietot gl\u0101zes un citus niekus. Protams, plauktu var izmantot ar\u012b cit\u0101m j\u016bsu vajadz\u012bb\u0101m, piem\u0113ram, sadz\u012bves niekiem vai rokdarbiem.<\/p>\n<p>&nbsp;<\/p>\n","protected":false},"featured_media":160130,"template":"","meta":[],"product_cat":[129,143],"product_tag":[],"class_list":{"0":"post-160129","1":"product","2":"type-product","3":"status-publish","4":"has-post-thumbnail","6":"product_brand-dutch-bone","7":"product_brand-white-label-living","8":"product_brand-zuiver","9":"product_cat-mebeles","10":"product_cat-plaukti-un-skapji","12":"first","13":"instock","14":"shipping-taxable","15":"purchasable","16":"product-type-simple","17":"hongo-alternate-image-wrap"},"_links":{"self":[{"href":"https:\/\/4room.lv\/en\/wp-json\/wp\/v2\/product\/160129","targetHints":{"allow":["GET"]}}],"collection":[{"href":"https:\/\/4room.lv\/en\/wp-json\/wp\/v2\/product"}],"about":[{"href":"https:\/\/4room.lv\/en\/wp-json\/wp\/v2\/types\/product"}],"wp:featuredmedia":[{"embeddable":true,"href":"https:\/\/4room.lv\/en\/wp-json\/wp\/v2\/media\/160130"}],"wp:attachment":[{"href":"https:\/\/4room.lv\/en\/wp-json\/wp\/v2\/media?parent=160129"}],"wp:term":[{"taxonomy":"product_cat","embeddable":true,"href":"https:\/\/4room.lv\/en\/wp-json\/wp\/v2\/product_cat?post=160129"},{"taxonomy":"product_tag","embeddable":true,"href":"https:\/\/4room.lv\/en\/wp-json\/wp\/v2\/product_tag?post=160129"}],"curies":[{"name":"wp","href":"https:\/\/api.w.org\/{rel}","templated":true}]}}