{"id":160145,"date":"2025-07-27T15:46:59","date_gmt":"2025-07-27T12:46:59","guid":{"rendered":"https:\/\/4room.lv\/?post_type=product&#038;p=160145"},"modified":"2025-12-28T19:18:57","modified_gmt":"2025-12-28T17:18:57","slug":"carpet-solar-200x290-grey-ochre","status":"publish","type":"product","link":"https:\/\/4room.lv\/en\/veikals\/interjeram\/paklaji\/carpet-solar-200x290-grey-ochre\/","title":{"rendered":"Carpet Solar 200&#215;290 Grey\/Ochre"},"content":{"rendered":"","protected":false},"excerpt":{"rendered":"<p>Pakl\u0101js ar skaistu, abstraktu, dabas iedvesmotu rakstu. taj\u0101 mij\u0101s pel\u0113c\u012bgi b\u0113\u0161ie to\u0146i ar dzeltenu, radot pat\u012bkamu un m\u0101j\u012bgu to\u0146u gammu. Austs uz d\u017eutas b\u0101zes ar iztur\u012bgo Decolan dziju.<\/p>\n","protected":false},"featured_media":160146,"template":"","meta":[],"product_cat":[130,133],"product_tag":[],"class_list":{"0":"post-160145","1":"product","2":"type-product","3":"status-publish","4":"has-post-thumbnail","6":"product_brand-dutch-bone","7":"product_brand-white-label-living","8":"product_brand-zuiver","9":"product_cat-interjeram","10":"product_cat-paklaji","12":"first","13":"instock","14":"shipping-taxable","15":"purchasable","16":"product-type-simple","17":"hongo-alternate-image-wrap"},"_links":{"self":[{"href":"https:\/\/4room.lv\/en\/wp-json\/wp\/v2\/product\/160145","targetHints":{"allow":["GET"]}}],"collection":[{"href":"https:\/\/4room.lv\/en\/wp-json\/wp\/v2\/product"}],"about":[{"href":"https:\/\/4room.lv\/en\/wp-json\/wp\/v2\/types\/product"}],"wp:featuredmedia":[{"embeddable":true,"href":"https:\/\/4room.lv\/en\/wp-json\/wp\/v2\/media\/160146"}],"wp:attachment":[{"href":"https:\/\/4room.lv\/en\/wp-json\/wp\/v2\/media?parent=160145"}],"wp:term":[{"taxonomy":"product_cat","embeddable":true,"href":"https:\/\/4room.lv\/en\/wp-json\/wp\/v2\/product_cat?post=160145"},{"taxonomy":"product_tag","embeddable":true,"href":"https:\/\/4room.lv\/en\/wp-json\/wp\/v2\/product_tag?post=160145"}],"curies":[{"name":"wp","href":"https:\/\/api.w.org\/{rel}","templated":true}]}}