{"id":160158,"date":"2025-05-27T15:59:45","date_gmt":"2025-05-27T12:59:45","guid":{"rendered":"https:\/\/4room.lv\/?post_type=product&#038;p=160158"},"modified":"2025-12-28T19:18:58","modified_gmt":"2025-12-28T17:18:58","slug":"floor-lamp-anshin-smoke","status":"publish","type":"product","link":"https:\/\/4room.lv\/en\/veikals\/apgaismojums\/dekorativais\/floor-lamp-anshin-smoke\/","title":{"rendered":"Floor Lamp Anshin Smoke"},"content":{"rendered":"","protected":false},"excerpt":{"rendered":"<p>St\u0101vlampa\u00a0 ar dekorat\u012bvu tum\u0161a stikla kupolu un hroma k\u0101ju. Gaismeklim nepeicie\u0161ama E27 spuldze, kuru variet izvel\u0113ties p\u0113c ieskatiem. M\u0113s ieteiktu caursp\u012bd\u012bgu stikla spuldzi, kas pieska\u0146osies gaismek\u013ca dizainam.<\/p>\n","protected":false},"featured_media":160159,"template":"","meta":[],"product_cat":[127,147],"product_tag":[],"class_list":{"0":"post-160158","1":"product","2":"type-product","3":"status-publish","4":"has-post-thumbnail","6":"product_brand-dutch-bone","7":"product_brand-white-label-living","8":"product_brand-zuiver","9":"product_cat-apgaismojums","10":"product_cat-dekorativais","12":"first","13":"instock","14":"shipping-taxable","15":"purchasable","16":"product-type-simple","17":"hongo-alternate-image-wrap"},"_links":{"self":[{"href":"https:\/\/4room.lv\/en\/wp-json\/wp\/v2\/product\/160158","targetHints":{"allow":["GET"]}}],"collection":[{"href":"https:\/\/4room.lv\/en\/wp-json\/wp\/v2\/product"}],"about":[{"href":"https:\/\/4room.lv\/en\/wp-json\/wp\/v2\/types\/product"}],"wp:featuredmedia":[{"embeddable":true,"href":"https:\/\/4room.lv\/en\/wp-json\/wp\/v2\/media\/160159"}],"wp:attachment":[{"href":"https:\/\/4room.lv\/en\/wp-json\/wp\/v2\/media?parent=160158"}],"wp:term":[{"taxonomy":"product_cat","embeddable":true,"href":"https:\/\/4room.lv\/en\/wp-json\/wp\/v2\/product_cat?post=160158"},{"taxonomy":"product_tag","embeddable":true,"href":"https:\/\/4room.lv\/en\/wp-json\/wp\/v2\/product_tag?post=160158"}],"curies":[{"name":"wp","href":"https:\/\/api.w.org\/{rel}","templated":true}]}}