{"id":160174,"date":"2025-06-30T16:10:34","date_gmt":"2025-06-30T13:10:34","guid":{"rendered":"https:\/\/4room.lv\/?post_type=product&#038;p=160174"},"modified":"2025-12-28T19:18:57","modified_gmt":"2025-12-28T17:18:57","slug":"desk-lamp-penelope-black","status":"publish","type":"product","link":"https:\/\/4room.lv\/en\/veikals\/apgaismojums\/dekorativais\/desk-lamp-penelope-black\/","title":{"rendered":"Desk Lamp Penelope Black"},"content":{"rendered":"","protected":false},"excerpt":{"rendered":"<p>Vintage stila unik\u0101ls galda gasimeklis, ko var regul\u0113t. L\u012bdz ar to t\u0101 b\u016bs ne tikai skaists interjera priek\u0161mets, bet ar\u012b praktisks darba gaismeklis.<\/p>\n<p>&nbsp;<\/p>\n","protected":false},"featured_media":160175,"template":"","meta":[],"product_cat":[1058,127,147],"product_tag":[],"class_list":{"0":"post-160174","1":"product","2":"type-product","3":"status-publish","4":"has-post-thumbnail","6":"product_brand-dutch-bone","7":"product_brand-white-label-living","8":"product_brand-zuiver","9":"product_cat-dizaina","10":"product_cat-apgaismojums","11":"product_cat-dekorativais","13":"first","14":"instock","15":"shipping-taxable","16":"purchasable","17":"product-type-simple","18":"hongo-alternate-image-wrap"},"_links":{"self":[{"href":"https:\/\/4room.lv\/en\/wp-json\/wp\/v2\/product\/160174","targetHints":{"allow":["GET"]}}],"collection":[{"href":"https:\/\/4room.lv\/en\/wp-json\/wp\/v2\/product"}],"about":[{"href":"https:\/\/4room.lv\/en\/wp-json\/wp\/v2\/types\/product"}],"wp:featuredmedia":[{"embeddable":true,"href":"https:\/\/4room.lv\/en\/wp-json\/wp\/v2\/media\/160175"}],"wp:attachment":[{"href":"https:\/\/4room.lv\/en\/wp-json\/wp\/v2\/media?parent=160174"}],"wp:term":[{"taxonomy":"product_cat","embeddable":true,"href":"https:\/\/4room.lv\/en\/wp-json\/wp\/v2\/product_cat?post=160174"},{"taxonomy":"product_tag","embeddable":true,"href":"https:\/\/4room.lv\/en\/wp-json\/wp\/v2\/product_tag?post=160174"}],"curies":[{"name":"wp","href":"https:\/\/api.w.org\/{rel}","templated":true}]}}