{"id":160190,"date":"2025-07-27T16:34:46","date_gmt":"2025-07-27T13:34:46","guid":{"rendered":"https:\/\/4room.lv\/?post_type=product&#038;p=160190"},"modified":"2025-12-28T19:18:57","modified_gmt":"2025-12-28T17:18:57","slug":"floor-lamp-orion-charge","status":"publish","type":"product","link":"https:\/\/4room.lv\/en\/veikals\/mebeles\/galdi\/floor-lamp-orion-charge\/","title":{"rendered":"Floor Lamp Orion Charge"},"content":{"rendered":"","protected":false},"excerpt":{"rendered":"<p>Funkcionals risinajums, kur galdi\u0146i un gaismeklis apvienoti lielisk\u0101 diziana m\u0113bel\u0113.\u00a0 B\u0101ze ir no melna met\u0101la ar nelielu misi\u0146a dekorat\u012bvo elementu. Balts stikla kupols , kas iesl\u0113gts rad\u012bs m\u0101j\u012bgu un atmosf\u0113risku gaismu. Galdi\u0146u virsmas ir no elna finiera..<\/p>\n<p>Papildus funkcija ir bezvadu l\u0101d\u0113tajs, kas integr\u0113ts vien\u0101 no galdi\u0146iem, k\u0101 ar\u012b ir USB spraudnis.\u00a0 L\u012bdz ar to \u0161is b\u016bs ne tikai skaists dizaina elements, bet ar\u012b pild\u012bs vair\u0101kas funkcijas \u0113rt\u0101kai ikdienai.<\/p>\n<p>Fantastisks risin\u0101jums pie d\u012bv\u0101na vai gultas, kur var\u0113siet gan iesl\u0113gt pat\u012bkamu noska\u0146as gaismu, gan uzl\u0101d\u0113t t\u0101lruni, plan\u0161eti, pulksteni vai jebkuru ier\u012bci ar Usb l\u0101d\u0113taju.<\/p>\n<p>Gaismekli \u0113rti iesl\u0113gt ar sl\u0113dzi uz b\u0101zes. Baltaj\u0101 stikla kupol\u0101 liekas 1 E27 spuldze, kuru variet izvel\u0113ties p\u0113c ieskatiem, bet m\u0113s ieteiktu baltu, lai vienm\u0113r\u012bg\u0101k izgaismojas kupols.<\/p>\n","protected":false},"featured_media":160191,"template":"","meta":[],"product_cat":[127,147,129,142],"product_tag":[],"class_list":{"0":"post-160190","1":"product","2":"type-product","3":"status-publish","4":"has-post-thumbnail","6":"product_brand-dutch-bone","7":"product_brand-white-label-living","8":"product_brand-zuiver","9":"product_cat-apgaismojums","10":"product_cat-dekorativais","11":"product_cat-mebeles","12":"product_cat-galdi","14":"first","15":"instock","16":"shipping-taxable","17":"purchasable","18":"product-type-simple","19":"hongo-alternate-image-wrap"},"_links":{"self":[{"href":"https:\/\/4room.lv\/en\/wp-json\/wp\/v2\/product\/160190","targetHints":{"allow":["GET"]}}],"collection":[{"href":"https:\/\/4room.lv\/en\/wp-json\/wp\/v2\/product"}],"about":[{"href":"https:\/\/4room.lv\/en\/wp-json\/wp\/v2\/types\/product"}],"wp:featuredmedia":[{"embeddable":true,"href":"https:\/\/4room.lv\/en\/wp-json\/wp\/v2\/media\/160191"}],"wp:attachment":[{"href":"https:\/\/4room.lv\/en\/wp-json\/wp\/v2\/media?parent=160190"}],"wp:term":[{"taxonomy":"product_cat","embeddable":true,"href":"https:\/\/4room.lv\/en\/wp-json\/wp\/v2\/product_cat?post=160190"},{"taxonomy":"product_tag","embeddable":true,"href":"https:\/\/4room.lv\/en\/wp-json\/wp\/v2\/product_tag?post=160190"}],"curies":[{"name":"wp","href":"https:\/\/api.w.org\/{rel}","templated":true}]}}