{"id":160244,"date":"2025-08-09T14:18:45","date_gmt":"2025-08-09T11:18:45","guid":{"rendered":"https:\/\/4room.lv\/?post_type=product&#038;p=160244"},"modified":"2025-12-28T19:18:57","modified_gmt":"2025-12-28T17:18:57","slug":"albert-kuip-office-armchair-taupe","status":"publish","type":"product","link":"https:\/\/4room.lv\/en\/veikals\/biroja-mebeles\/biroja-kresli\/albert-kuip-office-armchair-taupe\/","title":{"rendered":"Albert Kuip Office Armchair Taupe"},"content":{"rendered":"","protected":false},"excerpt":{"rendered":"<p>\u0160is kr\u0113sls ir ne tikai praktisks, bet ar\u012b pievilc\u012bgs dizain\u0101. Tam ir iztur\u012bga s\u0113\u017eas d\u0101\u013ca, kas apvilkta ar iztur\u012bgu b\u0113\u0161i pel\u0113ku taupes audumu. Uz met\u0101la k\u0101jas ar g\u0101zes atsperi, groz\u0101s un ripo ar melniem riten\u012b\u0161iem. Lielisks m\u0101jas ofisam, ta\u010du pateicoties augtsajai iztur\u012bbai, b\u016bs laba izvele ar\u012b publisk\u0101m telp\u0101m un bie\u017eai lieto\u0161anai.<\/p>\n<p>\u0160is biroja kr\u0113sls ir pieejams ar vai bez roku balstiem, un, kas ir lieliski, ar\u012b ar rite\u0146iem, groz\u0101mu pamatni un g\u0101zes atsperi.<\/p>\n","protected":false},"featured_media":160245,"template":"","meta":[],"product_cat":[131,337,129,144],"product_tag":[],"class_list":{"0":"post-160244","1":"product","2":"type-product","3":"status-publish","4":"has-post-thumbnail","6":"product_brand-dutch-bone","7":"product_brand-white-label-living","8":"product_brand-zuiver","9":"product_cat-biroja-mebeles","10":"product_cat-biroja-kresli","11":"product_cat-mebeles","12":"product_cat-kresli","14":"first","15":"instock","16":"shipping-taxable","17":"purchasable","18":"product-type-simple","19":"hongo-alternate-image-wrap"},"_links":{"self":[{"href":"https:\/\/4room.lv\/en\/wp-json\/wp\/v2\/product\/160244","targetHints":{"allow":["GET"]}}],"collection":[{"href":"https:\/\/4room.lv\/en\/wp-json\/wp\/v2\/product"}],"about":[{"href":"https:\/\/4room.lv\/en\/wp-json\/wp\/v2\/types\/product"}],"wp:featuredmedia":[{"embeddable":true,"href":"https:\/\/4room.lv\/en\/wp-json\/wp\/v2\/media\/160245"}],"wp:attachment":[{"href":"https:\/\/4room.lv\/en\/wp-json\/wp\/v2\/media?parent=160244"}],"wp:term":[{"taxonomy":"product_cat","embeddable":true,"href":"https:\/\/4room.lv\/en\/wp-json\/wp\/v2\/product_cat?post=160244"},{"taxonomy":"product_tag","embeddable":true,"href":"https:\/\/4room.lv\/en\/wp-json\/wp\/v2\/product_tag?post=160244"}],"curies":[{"name":"wp","href":"https:\/\/api.w.org\/{rel}","templated":true}]}}