{"id":160289,"date":"2025-09-08T10:30:35","date_gmt":"2025-09-08T07:30:35","guid":{"rendered":"https:\/\/4room.lv\/?post_type=product&#038;p=160289"},"modified":"2025-11-06T12:41:48","modified_gmt":"2025-11-06T10:41:48","slug":"center-lounge-chair-cream","status":"publish","type":"product","link":"https:\/\/4room.lv\/en\/veikals\/biroja-mebeles\/apmekletaju-kresli\/center-lounge-chair-cream\/","title":{"rendered":"Center lounge chair cream"},"content":{"rendered":"","protected":false},"excerpt":{"rendered":"<p>Atp\u016btas kr\u0113sls ar pat\u012bkamu un m\u012bkstu audumu kr\u0113m\u012bgi balt\u0101 ton\u012b, ar meln\u0101m met\u0101la k\u0101j\u0101m. Lielisks m\u016bsdien\u012bgs akcents vida\u017e\u0101d\u0101kaj\u0101m telp\u0101m un interjeriem.<\/p>\n","protected":false},"featured_media":160299,"template":"","meta":[],"product_cat":[131,339,129,144],"product_tag":[],"class_list":{"0":"post-160289","1":"product","2":"type-product","3":"status-publish","4":"has-post-thumbnail","6":"product_cat-biroja-mebeles","7":"product_cat-apmekletaju-kresli","8":"product_cat-mebeles","9":"product_cat-kresli","11":"first","12":"instock","13":"shipping-taxable","14":"purchasable","15":"product-type-simple","16":"hongo-alternate-image-wrap"},"_links":{"self":[{"href":"https:\/\/4room.lv\/en\/wp-json\/wp\/v2\/product\/160289","targetHints":{"allow":["GET"]}}],"collection":[{"href":"https:\/\/4room.lv\/en\/wp-json\/wp\/v2\/product"}],"about":[{"href":"https:\/\/4room.lv\/en\/wp-json\/wp\/v2\/types\/product"}],"wp:featuredmedia":[{"embeddable":true,"href":"https:\/\/4room.lv\/en\/wp-json\/wp\/v2\/media\/160299"}],"wp:attachment":[{"href":"https:\/\/4room.lv\/en\/wp-json\/wp\/v2\/media?parent=160289"}],"wp:term":[{"taxonomy":"product_cat","embeddable":true,"href":"https:\/\/4room.lv\/en\/wp-json\/wp\/v2\/product_cat?post=160289"},{"taxonomy":"product_tag","embeddable":true,"href":"https:\/\/4room.lv\/en\/wp-json\/wp\/v2\/product_tag?post=160289"}],"curies":[{"name":"wp","href":"https:\/\/api.w.org\/{rel}","templated":true}]}}