{"id":160318,"date":"2025-09-07T17:23:27","date_gmt":"2025-09-07T14:23:27","guid":{"rendered":"https:\/\/4room.lv\/?post_type=product&#038;p=160318"},"modified":"2025-12-28T19:18:57","modified_gmt":"2025-12-28T17:18:57","slug":"carpet-dream-160x230-natural-grey","status":"publish","type":"product","link":"https:\/\/4room.lv\/en\/veikals\/interjeram\/paklaji\/carpet-dream-160x230-natural-grey\/","title":{"rendered":"Carpet Dream 160&#215;230 Natural\/Grey"},"content":{"rendered":"","protected":false},"excerpt":{"rendered":"<p>Skaistais Deam sp\u0113l\u0113jas ar b\u0113si pel\u0113kiem to\u0146iem, form\u0101m un da\u017e\u0101d\u0101m tekst\u016br\u0101m. Austs uuz d\u017eutas b\u0101zes ar pretsl\u012bdes p\u0101rkl\u0101jumu apak\u0161\u0101,\u00a0 70% vilnas sast\u0101vs. Piem\u0113rots b\u016bs ar\u012b siltaj\u0101m gr\u012bd\u0101m.<\/p>\n","protected":false},"featured_media":160319,"template":"","meta":[],"product_cat":[130,133],"product_tag":[],"class_list":{"0":"post-160318","1":"product","2":"type-product","3":"status-publish","4":"has-post-thumbnail","6":"product_brand-dutch-bone","7":"product_brand-white-label-living","8":"product_brand-zuiver","9":"product_cat-interjeram","10":"product_cat-paklaji","12":"first","13":"instock","14":"shipping-taxable","15":"purchasable","16":"product-type-simple","17":"hongo-alternate-image-wrap"},"_links":{"self":[{"href":"https:\/\/4room.lv\/en\/wp-json\/wp\/v2\/product\/160318","targetHints":{"allow":["GET"]}}],"collection":[{"href":"https:\/\/4room.lv\/en\/wp-json\/wp\/v2\/product"}],"about":[{"href":"https:\/\/4room.lv\/en\/wp-json\/wp\/v2\/types\/product"}],"wp:featuredmedia":[{"embeddable":true,"href":"https:\/\/4room.lv\/en\/wp-json\/wp\/v2\/media\/160319"}],"wp:attachment":[{"href":"https:\/\/4room.lv\/en\/wp-json\/wp\/v2\/media?parent=160318"}],"wp:term":[{"taxonomy":"product_cat","embeddable":true,"href":"https:\/\/4room.lv\/en\/wp-json\/wp\/v2\/product_cat?post=160318"},{"taxonomy":"product_tag","embeddable":true,"href":"https:\/\/4room.lv\/en\/wp-json\/wp\/v2\/product_tag?post=160318"}],"curies":[{"name":"wp","href":"https:\/\/api.w.org\/{rel}","templated":true}]}}