{"id":160365,"date":"2025-08-05T20:01:14","date_gmt":"2025-08-05T17:01:14","guid":{"rendered":"https:\/\/4room.lv\/?post_type=product&#038;p=160365"},"modified":"2025-08-24T16:10:35","modified_gmt":"2025-08-24T13:10:35","slug":"etna-lavas-lampa","status":"publish","type":"product","link":"https:\/\/4room.lv\/en\/veikals\/apgaismojums\/dekorativais\/etna-lavas-lampa\/","title":{"rendered":"Etna lavas lampa"},"content":{"rendered":"","protected":false},"excerpt":{"rendered":"<p>Vienm\u0113r aktu\u0101l\u0101 un interesant\u0101 lavas lampa ir for\u0161a d\u0101vana sev un citiem. Lava gaismekl\u012b ir vaska b\u0101zes, kas ir dro\u0161\u0101ka alternat\u012bva. Komplekt\u0101cija ietilps spuldze G4. Pirmo reizi iesl\u0113dzot lampu, tai b\u016bs nepieice\u0161ama apm\u0113ram stunda, lai uzsild\u012btu vasku. P\u0113c tam tas uzsils jau nedaudz \u0101tr\u0101k. Iesak\u0101m netur\u0113t iesl\u0113gtu ilg\u0101k k\u0101 6-8h<\/p>\n","protected":false},"featured_media":160366,"template":"","meta":[],"product_cat":[127,147,130],"product_tag":[],"class_list":{"0":"post-160365","1":"product","2":"type-product","3":"status-publish","4":"has-post-thumbnail","6":"product_brand-trio","7":"product_cat-apgaismojums","8":"product_cat-dekorativais","9":"product_cat-interjeram","11":"first","12":"instock","13":"shipping-taxable","14":"purchasable","15":"product-type-simple","16":"hongo-alternate-image-wrap"},"_links":{"self":[{"href":"https:\/\/4room.lv\/en\/wp-json\/wp\/v2\/product\/160365","targetHints":{"allow":["GET"]}}],"collection":[{"href":"https:\/\/4room.lv\/en\/wp-json\/wp\/v2\/product"}],"about":[{"href":"https:\/\/4room.lv\/en\/wp-json\/wp\/v2\/types\/product"}],"wp:featuredmedia":[{"embeddable":true,"href":"https:\/\/4room.lv\/en\/wp-json\/wp\/v2\/media\/160366"}],"wp:attachment":[{"href":"https:\/\/4room.lv\/en\/wp-json\/wp\/v2\/media?parent=160365"}],"wp:term":[{"taxonomy":"product_cat","embeddable":true,"href":"https:\/\/4room.lv\/en\/wp-json\/wp\/v2\/product_cat?post=160365"},{"taxonomy":"product_tag","embeddable":true,"href":"https:\/\/4room.lv\/en\/wp-json\/wp\/v2\/product_tag?post=160365"}],"curies":[{"name":"wp","href":"https:\/\/api.w.org\/{rel}","templated":true}]}}