{"id":160418,"date":"2025-08-09T13:46:24","date_gmt":"2025-08-09T10:46:24","guid":{"rendered":"https:\/\/4room.lv\/?post_type=product&#038;p=160418"},"modified":"2025-12-28T19:18:57","modified_gmt":"2025-12-28T17:18:57","slug":"wall-art-august-rice","status":"publish","type":"product","link":"https:\/\/4room.lv\/en\/veikals\/interjeram\/wall-art-august-rice\/","title":{"rendered":"Wall Art August Rice"},"content":{"rendered":"","protected":false},"excerpt":{"rendered":"<p>Dimension\u0101ls sienas dekors no \u0123ip\u0161a ar m\u016bsdien\u012bgu abstraktu rakstu. Pel\u0113kb\u0113\u0161s fons un silti b\u0113\u0161s dekors.<\/p>\n","protected":false},"featured_media":160419,"template":"","meta":[],"product_cat":[130],"product_tag":[],"class_list":{"0":"post-160418","1":"product","2":"type-product","3":"status-publish","4":"has-post-thumbnail","6":"product_brand-dutch-bone","7":"product_brand-white-label-living","8":"product_brand-zuiver","9":"product_cat-interjeram","11":"first","12":"instock","13":"shipping-taxable","14":"purchasable","15":"product-type-simple","16":"hongo-alternate-image-wrap"},"_links":{"self":[{"href":"https:\/\/4room.lv\/en\/wp-json\/wp\/v2\/product\/160418","targetHints":{"allow":["GET"]}}],"collection":[{"href":"https:\/\/4room.lv\/en\/wp-json\/wp\/v2\/product"}],"about":[{"href":"https:\/\/4room.lv\/en\/wp-json\/wp\/v2\/types\/product"}],"wp:featuredmedia":[{"embeddable":true,"href":"https:\/\/4room.lv\/en\/wp-json\/wp\/v2\/media\/160419"}],"wp:attachment":[{"href":"https:\/\/4room.lv\/en\/wp-json\/wp\/v2\/media?parent=160418"}],"wp:term":[{"taxonomy":"product_cat","embeddable":true,"href":"https:\/\/4room.lv\/en\/wp-json\/wp\/v2\/product_cat?post=160418"},{"taxonomy":"product_tag","embeddable":true,"href":"https:\/\/4room.lv\/en\/wp-json\/wp\/v2\/product_tag?post=160418"}],"curies":[{"name":"wp","href":"https:\/\/api.w.org\/{rel}","templated":true}]}}