{"id":160444,"date":"2025-08-07T14:40:44","date_gmt":"2025-08-07T11:40:44","guid":{"rendered":"https:\/\/4room.lv\/?post_type=product&#038;p=160444"},"modified":"2025-12-28T19:18:57","modified_gmt":"2025-12-28T17:18:57","slug":"office-chair-omg-black-blue","status":"publish","type":"product","link":"https:\/\/4room.lv\/en\/veikals\/biroja-mebeles\/biroja-kresli\/office-chair-omg-black-blue\/","title":{"rendered":"Office Chair Omg Black\/Blue"},"content":{"rendered":"","protected":false},"excerpt":{"rendered":"<p>\u0112rts un stil\u012bgs ofisa kr\u0113sls uz rite\u0146iem tirk\u012bzzil\u0101 audum\u0101. Kr\u0113sls ir regul\u0113jams augstum\u0101, audumam ir laba iztur\u012bba. Kr\u0113lss der\u0113s k\u0101 m\u0101j\u0101s, t\u0101 publisk\u0101s viet\u0101s.<\/p>\n","protected":false},"featured_media":160445,"template":"","meta":[],"product_cat":[131,337,129,144],"product_tag":[],"class_list":{"0":"post-160444","1":"product","2":"type-product","3":"status-publish","4":"has-post-thumbnail","6":"product_brand-dutch-bone","7":"product_brand-white-label-living","8":"product_brand-zuiver","9":"product_cat-biroja-mebeles","10":"product_cat-biroja-kresli","11":"product_cat-mebeles","12":"product_cat-kresli","14":"first","15":"instock","16":"shipping-taxable","17":"purchasable","18":"product-type-simple","19":"hongo-alternate-image-wrap"},"_links":{"self":[{"href":"https:\/\/4room.lv\/en\/wp-json\/wp\/v2\/product\/160444","targetHints":{"allow":["GET"]}}],"collection":[{"href":"https:\/\/4room.lv\/en\/wp-json\/wp\/v2\/product"}],"about":[{"href":"https:\/\/4room.lv\/en\/wp-json\/wp\/v2\/types\/product"}],"wp:featuredmedia":[{"embeddable":true,"href":"https:\/\/4room.lv\/en\/wp-json\/wp\/v2\/media\/160445"}],"wp:attachment":[{"href":"https:\/\/4room.lv\/en\/wp-json\/wp\/v2\/media?parent=160444"}],"wp:term":[{"taxonomy":"product_cat","embeddable":true,"href":"https:\/\/4room.lv\/en\/wp-json\/wp\/v2\/product_cat?post=160444"},{"taxonomy":"product_tag","embeddable":true,"href":"https:\/\/4room.lv\/en\/wp-json\/wp\/v2\/product_tag?post=160444"}],"curies":[{"name":"wp","href":"https:\/\/api.w.org\/{rel}","templated":true}]}}