{"id":160473,"date":"2025-08-04T14:35:30","date_gmt":"2025-08-04T11:35:30","guid":{"rendered":"https:\/\/4room.lv\/?post_type=product&#038;p=160473"},"modified":"2025-08-13T10:47:33","modified_gmt":"2025-08-13T07:47:33","slug":"ventilators-gaismeklis-stokholm","status":"publish","type":"product","link":"https:\/\/4room.lv\/en\/veikals\/apgaismojums\/dekorativais\/ventilators-gaismeklis-stokholm\/","title":{"rendered":"Ventilators\/gaismeklis Stokholm"},"content":{"rendered":"","protected":false},"excerpt":{"rendered":"<p>Griestu Led gaismeklis ar ventilatora funkciju. Gaismeklis regul\u0113jams ar pults pal\u012bdz\u012bbu. Var atsevi\u0161\u0137i iesl\u0113gt\/izsl\u0113gt gan apgaismojumu, gan ventilatoru. Gaismu ir iesp\u0113ja regul\u0113t no silt\u0101kas uz v\u0113saku spektru, k\u0101 regul\u0113t spo\u017eumu. Ventilatoram ir ziemas\/vasaras re\u017e\u012bms un vair\u0101kas ventil\u0113\u0161anas jaudas. Lielisks risin\u0101jums, ja v\u0113laties m\u016bsdien\u012bgu gaismekli ar pievienotu funkciju.<\/p>\n","protected":false},"featured_media":160480,"template":"","meta":[],"product_cat":[127,147],"product_tag":[],"class_list":{"0":"post-160473","1":"product","2":"type-product","3":"status-publish","4":"has-post-thumbnail","6":"product_brand-trio","7":"product_cat-apgaismojums","8":"product_cat-dekorativais","10":"first","11":"instock","12":"shipping-taxable","13":"purchasable","14":"product-type-simple"},"_links":{"self":[{"href":"https:\/\/4room.lv\/en\/wp-json\/wp\/v2\/product\/160473","targetHints":{"allow":["GET"]}}],"collection":[{"href":"https:\/\/4room.lv\/en\/wp-json\/wp\/v2\/product"}],"about":[{"href":"https:\/\/4room.lv\/en\/wp-json\/wp\/v2\/types\/product"}],"wp:featuredmedia":[{"embeddable":true,"href":"https:\/\/4room.lv\/en\/wp-json\/wp\/v2\/media\/160480"}],"wp:attachment":[{"href":"https:\/\/4room.lv\/en\/wp-json\/wp\/v2\/media?parent=160473"}],"wp:term":[{"taxonomy":"product_cat","embeddable":true,"href":"https:\/\/4room.lv\/en\/wp-json\/wp\/v2\/product_cat?post=160473"},{"taxonomy":"product_tag","embeddable":true,"href":"https:\/\/4room.lv\/en\/wp-json\/wp\/v2\/product_tag?post=160473"}],"curies":[{"name":"wp","href":"https:\/\/api.w.org\/{rel}","templated":true}]}}