{"id":160486,"date":"2025-08-07T16:43:51","date_gmt":"2025-08-07T13:43:51","guid":{"rendered":"https:\/\/4room.lv\/?post_type=product&#038;p=160486"},"modified":"2025-08-13T19:55:59","modified_gmt":"2025-08-13T16:55:59","slug":"bruna-bear-wall-light","status":"publish","type":"product","link":"https:\/\/4room.lv\/en\/veikals\/apgaismojums\/dekorativais\/bruna-bear-wall-light\/","title":{"rendered":"Bruna Bear Wall light"},"content":{"rendered":"","protected":false},"excerpt":{"rendered":"<p>Piem\u012bl\u012bga sienas lampa, kas padar\u012bs m\u0101j\u012bg\u0101ku j\u016bsu b\u0113rnistabu. L\u0101c\u012bts sastav no br\u016bnas met\u0101la b\u0101zes ar baltu stikla kupola purni\u0146u. Gaismeklim nepeicie\u0161ama E14 spuldze kuru varat izv\u0113l\u0113ties p\u0113c saviem ieskatiem. Gaismekli var sl\u0113gt pie sienas izvada vai izmantot komplekt\u0101 iek\u013cautu vadu, kas sprau\u017eams rozet\u0113.<\/p>\n","protected":false},"featured_media":160488,"template":"","meta":[],"product_cat":[127,147],"product_tag":[],"class_list":{"0":"post-160486","1":"product","2":"type-product","3":"status-publish","4":"has-post-thumbnail","6":"product_brand-nordlux","7":"product_cat-apgaismojums","8":"product_cat-dekorativais","10":"first","11":"instock","12":"shipping-taxable","13":"purchasable","14":"product-type-simple","15":"hongo-alternate-image-wrap"},"_links":{"self":[{"href":"https:\/\/4room.lv\/en\/wp-json\/wp\/v2\/product\/160486","targetHints":{"allow":["GET"]}}],"collection":[{"href":"https:\/\/4room.lv\/en\/wp-json\/wp\/v2\/product"}],"about":[{"href":"https:\/\/4room.lv\/en\/wp-json\/wp\/v2\/types\/product"}],"wp:featuredmedia":[{"embeddable":true,"href":"https:\/\/4room.lv\/en\/wp-json\/wp\/v2\/media\/160488"}],"wp:attachment":[{"href":"https:\/\/4room.lv\/en\/wp-json\/wp\/v2\/media?parent=160486"}],"wp:term":[{"taxonomy":"product_cat","embeddable":true,"href":"https:\/\/4room.lv\/en\/wp-json\/wp\/v2\/product_cat?post=160486"},{"taxonomy":"product_tag","embeddable":true,"href":"https:\/\/4room.lv\/en\/wp-json\/wp\/v2\/product_tag?post=160486"}],"curies":[{"name":"wp","href":"https:\/\/api.w.org\/{rel}","templated":true}]}}