{"id":160500,"date":"2025-08-07T09:17:56","date_gmt":"2025-08-07T06:17:56","guid":{"rendered":"https:\/\/4room.lv\/?post_type=product&#038;p=160500"},"modified":"2025-08-09T18:18:26","modified_gmt":"2025-08-09T15:18:26","slug":"barstool-rayven-natural","status":"publish","type":"product","link":"https:\/\/4room.lv\/en\/veikals\/mebeles\/kresli\/barstool-rayven-natural\/","title":{"rendered":"Barstool Rayven natural"},"content":{"rendered":"","protected":false},"excerpt":{"rendered":"<p>Elegants aktu\u0101la dizaina b\u0101ra kr\u0113sls ar 75cm s\u0113\u017eas augstumu. Lakots koka r\u0101mis un b\u0113\u0161a auduma s\u0113\u017ea. Izils dizain\u0101, komfort\u0101 un v\u0113l praktisks lieto\u0161an\u0101!<\/p>\n","protected":false},"featured_media":160510,"template":"","meta":[],"product_cat":[129,144],"product_tag":[],"class_list":{"0":"post-160500","1":"product","2":"type-product","3":"status-publish","4":"has-post-thumbnail","6":"product_cat-mebeles","7":"product_cat-kresli","9":"first","10":"instock","11":"shipping-taxable","12":"purchasable","13":"product-type-simple","14":"hongo-alternate-image-wrap"},"_links":{"self":[{"href":"https:\/\/4room.lv\/en\/wp-json\/wp\/v2\/product\/160500","targetHints":{"allow":["GET"]}}],"collection":[{"href":"https:\/\/4room.lv\/en\/wp-json\/wp\/v2\/product"}],"about":[{"href":"https:\/\/4room.lv\/en\/wp-json\/wp\/v2\/types\/product"}],"wp:featuredmedia":[{"embeddable":true,"href":"https:\/\/4room.lv\/en\/wp-json\/wp\/v2\/media\/160510"}],"wp:attachment":[{"href":"https:\/\/4room.lv\/en\/wp-json\/wp\/v2\/media?parent=160500"}],"wp:term":[{"taxonomy":"product_cat","embeddable":true,"href":"https:\/\/4room.lv\/en\/wp-json\/wp\/v2\/product_cat?post=160500"},{"taxonomy":"product_tag","embeddable":true,"href":"https:\/\/4room.lv\/en\/wp-json\/wp\/v2\/product_tag?post=160500"}],"curies":[{"name":"wp","href":"https:\/\/api.w.org\/{rel}","templated":true}]}}