{"id":160513,"date":"2025-09-09T18:30:21","date_gmt":"2025-09-09T15:30:21","guid":{"rendered":"https:\/\/4room.lv\/?post_type=product&#038;p=160513"},"modified":"2025-09-11T13:56:44","modified_gmt":"2025-09-11T10:56:44","slug":"chair-rayven-natural","status":"publish","type":"product","link":"https:\/\/4room.lv\/en\/veikals\/biroja-mebeles\/apmekletaju-kresli\/chair-rayven-natural\/","title":{"rendered":"Chair Rayven natural"},"content":{"rendered":"","protected":false},"excerpt":{"rendered":"<p>Elegants aktu\u0101la dizaina kr\u0113sls. Lakots dab\u012bga koka r\u0101mis un b\u0113\u0161a auduma s\u0113\u017ea. Izils dizain\u0101, komfort\u0101 un praktisks lieto\u0161an\u0101!<\/p>\n","protected":false},"featured_media":160514,"template":"","meta":[],"product_cat":[131,339,129,144],"product_tag":[],"class_list":{"0":"post-160513","1":"product","2":"type-product","3":"status-publish","4":"has-post-thumbnail","6":"product_cat-biroja-mebeles","7":"product_cat-apmekletaju-kresli","8":"product_cat-mebeles","9":"product_cat-kresli","11":"first","12":"instock","13":"shipping-taxable","14":"purchasable","15":"product-type-simple","16":"hongo-alternate-image-wrap"},"_links":{"self":[{"href":"https:\/\/4room.lv\/en\/wp-json\/wp\/v2\/product\/160513","targetHints":{"allow":["GET"]}}],"collection":[{"href":"https:\/\/4room.lv\/en\/wp-json\/wp\/v2\/product"}],"about":[{"href":"https:\/\/4room.lv\/en\/wp-json\/wp\/v2\/types\/product"}],"wp:featuredmedia":[{"embeddable":true,"href":"https:\/\/4room.lv\/en\/wp-json\/wp\/v2\/media\/160514"}],"wp:attachment":[{"href":"https:\/\/4room.lv\/en\/wp-json\/wp\/v2\/media?parent=160513"}],"wp:term":[{"taxonomy":"product_cat","embeddable":true,"href":"https:\/\/4room.lv\/en\/wp-json\/wp\/v2\/product_cat?post=160513"},{"taxonomy":"product_tag","embeddable":true,"href":"https:\/\/4room.lv\/en\/wp-json\/wp\/v2\/product_tag?post=160513"}],"curies":[{"name":"wp","href":"https:\/\/api.w.org\/{rel}","templated":true}]}}