{"id":160551,"date":"2025-09-06T10:46:38","date_gmt":"2025-09-06T07:46:38","guid":{"rendered":"https:\/\/4room.lv\/?post_type=product&#038;p=160551"},"modified":"2025-09-11T13:54:53","modified_gmt":"2025-09-11T10:54:53","slug":"vase-neti","status":"publish","type":"product","link":"https:\/\/4room.lv\/en\/veikals\/interjeram\/vase-neti\/","title":{"rendered":"Vase Neti"},"content":{"rendered":"","protected":false},"excerpt":{"rendered":"<p>Unik\u0101la wabisabi iedvesmota v\u0101ze no pap\u012bra masas. Neregul\u0101r\u0101 un organisk\u0101 forma rada izteiksm\u012bgu interjera priek\u0161metu, saglab\u0101jot funkciju k\u0101 v\u0101ze sausajiem ziediem vai citiem dekoriem.<\/p>\n","protected":false},"featured_media":160552,"template":"","meta":[],"product_cat":[130],"product_tag":[],"class_list":{"0":"post-160551","1":"product","2":"type-product","3":"status-publish","4":"has-post-thumbnail","6":"product_brand-kavehome","7":"product_cat-interjeram","9":"first","10":"instock","11":"shipping-taxable","12":"purchasable","13":"product-type-simple","14":"hongo-alternate-image-wrap"},"_links":{"self":[{"href":"https:\/\/4room.lv\/en\/wp-json\/wp\/v2\/product\/160551","targetHints":{"allow":["GET"]}}],"collection":[{"href":"https:\/\/4room.lv\/en\/wp-json\/wp\/v2\/product"}],"about":[{"href":"https:\/\/4room.lv\/en\/wp-json\/wp\/v2\/types\/product"}],"wp:featuredmedia":[{"embeddable":true,"href":"https:\/\/4room.lv\/en\/wp-json\/wp\/v2\/media\/160552"}],"wp:attachment":[{"href":"https:\/\/4room.lv\/en\/wp-json\/wp\/v2\/media?parent=160551"}],"wp:term":[{"taxonomy":"product_cat","embeddable":true,"href":"https:\/\/4room.lv\/en\/wp-json\/wp\/v2\/product_cat?post=160551"},{"taxonomy":"product_tag","embeddable":true,"href":"https:\/\/4room.lv\/en\/wp-json\/wp\/v2\/product_tag?post=160551"}],"curies":[{"name":"wp","href":"https:\/\/api.w.org\/{rel}","templated":true}]}}